{"id":553,"date":"2021-11-08T12:09:23","date_gmt":"2021-11-08T12:09:23","guid":{"rendered":"https:\/\/ddownload.com.de\/privacy-policy\/"},"modified":"2021-11-09T15:23:05","modified_gmt":"2021-11-09T15:23:05","slug":"privacy-policy","status":"publish","type":"page","link":"https:\/\/ddownload.com.de\/fr\/privacy-policy\/","title":{"rendered":"Politique de confidentialit\u00e9"},"content":{"rendered":"\n<h2 class=\"wp-block-heading\">Que nous sommes<\/h2>\n\n\n\n<p>L&rsquo;adresse de notre site est<a href=\"http:\/\/ddownload.com.de\" target=\"_blank\" rel=\"noreferrer noopener\"> http:\/\/ddownload.com.de<\/a>.<\/p>\n\n\n\n\n\n\n\n<h2 class=\"wp-block-heading\">Les informations personnelles que nous recueillons et les raisons pour lesquelles nous les recueillons.<\/h2>\n\n\n\n<h3 class=\"wp-block-heading\">Remarques<\/h3>\n\n\n\n<p>Lorsque les visiteurs partent discuter du site web, nous accumulons les donn\u00e9es indiqu\u00e9es dans le d\u00e9veloppement des commentaires, ainsi que l&rsquo;adresse IP du visiteur du site et \u00e9galement la cha\u00eene d&rsquo;agent client du navigateur internet pour aider \u00e0 la d\u00e9couverte de spam.<\/p>\n\n\n\n<p>Une cha\u00eene de caract\u00e8res anonymis\u00e9e cr\u00e9\u00e9e \u00e0 partir de votre adresse \u00e9lectronique (\u00e9galement appel\u00e9e hachage) peut \u00eatre transmise \u00e0 la solution Gravatar pour savoir si vous l&rsquo;utilisez. Le plan de confidentialit\u00e9 de la solution Gravatar est disponible ici : https:\/\/automattic.com\/privacy\/. Apr\u00e8s autorisation de votre commentaire, la photo de votre compte appara\u00eet au public dans le contexte de votre commentaire.<\/p>\n\n\n\n<p>M\u00e9dias<br>Si vous t\u00e9l\u00e9chargez des photos sur le site, vous devez emp\u00eacher la publication d&rsquo;images comportant des donn\u00e9es de lieu int\u00e9gr\u00e9es (EXIF PRACTICEUR G\u00c9N\u00c9RAL). Les visiteurs du site peuvent t\u00e9l\u00e9charger et installer ainsi que supprimer tout type de donn\u00e9es de lieu des images sur le site.<\/p>\n\n\n\n<h2 class=\"wp-block-heading\">Formulaires d&rsquo;appel<\/h2>\n\n\n\n<h3 class=\"wp-block-heading\">Cookies<\/h3>\n\n\n\n<p>Si vous laissez un commentaire sur notre site Web, vous pouvez accepter que votre nom, votre adresse \u00e9lectronique et le site soient conserv\u00e9s dans des cookies. Ces cookies sont destin\u00e9s \u00e0 vous faciliter la t\u00e2che, de sorte que vous n&rsquo;aurez pas besoin de remplir \u00e0 nouveau vos coordonn\u00e9es lorsque vous laisserez une nouvelle remarque. Ces cookies ont une dur\u00e9e de vie d&rsquo;un an.<\/p>\n\n\n\n<p>Si vous consultez notre page Web de connexion, nous installerons un cookie temporaire pour d\u00e9terminer si votre navigateur Internet accepte les cookies. Ce cookie ne contient aucune donn\u00e9e individuelle et est supprim\u00e9 lorsque vous fermez votre navigateur Internet.<\/p>\n\n\n\n<p>Lors de votre visite, nous \u00e9tablirons \u00e9galement un certain nombre de cookies pour conserver vos informations de connexion et les options d&rsquo;affichage de votre \u00e9cran. Les cookies de connexion durent 2 jours, de m\u00eame que les cookies d&rsquo;options d&rsquo;affichage, durent un an. Si vous choisissez \u00ab\u00a0Se souvenir de moi\u00a0\u00bb, votre connexion persistera pendant 2 semaines. Si vous vous d\u00e9connectez de votre compte, les cookies de connexion seront supprim\u00e9s.<\/p>\n\n\n\n<p>Si vous modifiez ou publiez un article, un cookie suppl\u00e9mentaire sera certainement conserv\u00e9 dans votre navigateur. Ce cookie ne comprend aucune information personnelle et sugg\u00e8re simplement l&rsquo;ID de l&rsquo;article que vous venez de modifier. Il s&rsquo;\u00e9puise apr\u00e8s 1 jour.<\/p>\n\n\n\n<h2 class=\"wp-block-heading\">Mat\u00e9riel incorpor\u00e9 provenant de divers autres sites web<\/h2>\n\n\n\n<p>Les articles de ce site peuvent inclure du contenu int\u00e9gr\u00e9 (par exemple, des clips vid\u00e9o, des images, des r\u00e9dactions, etc.) Le contenu Web install\u00e9 provenant de divers autres sites agit de la m\u00eame mani\u00e8re que si le visiteur du site avait consult\u00e9 les divers autres sites.<\/p>\n\n\n\n<p>Ces sites Internet peuvent collecter des donn\u00e9es vous concernant, utiliser des cookies, installer un suivi suppl\u00e9mentaire par des tiers et surveiller votre communication avec le contenu Internet int\u00e9gr\u00e9, ce qui consiste \u00e0 suivre votre communication avec le contenu Internet int\u00e9gr\u00e9 si vous avez un compte et que vous visitez ce site Internet.<\/p>\n\n\n\n<h2 class=\"wp-block-heading\">Analytique<\/h2>\n\n\n\n<h3 class=\"wp-block-heading\">Avec qui nous partageons vos donn\u00e9es<\/h3>\n\n\n\n<h3 class=\"wp-block-heading\">La dur\u00e9e de conservation de vos informations<\/h3>\n\n\n\n<p>Si vous laissez un commentaire, le commentaire et ses m\u00e9tadonn\u00e9es sont conserv\u00e9s pour toujours. Cela nous permet de reconna\u00eetre et d&rsquo;accepter instantan\u00e9ment tout commentaire de suivi, plut\u00f4t que de les conserver dans une file d&rsquo;attente de petite quantit\u00e9.<\/p>\n\n\n\n<p>Pour les utilisateurs qui s&rsquo;inscrivent sur notre site Internet (le cas \u00e9ch\u00e9ant), nous conservons \u00e9galement les informations individuelles qu&rsquo;ils fournissent dans leur compte client. Tous les clients peuvent voir, modifier ou supprimer leurs donn\u00e9es individuelles \u00e0 tout moment (sauf qu&rsquo;ils ne peuvent pas transformer leur nom d&rsquo;utilisateur). Les gestionnaires du site peuvent \u00e9galement voir et modifier ces donn\u00e9es.<\/p>\n\n\n\n<h3 class=\"wp-block-heading\">Quels sont vos droits plus que vos informations<\/h3>\n\n\n\n<p>Si vous avez un compte sur ce site ou si vous avez laiss\u00e9 des commentaires, vous pouvez demander \u00e0 recevoir des documents export\u00e9s des donn\u00e9es individuelles que nous d\u00e9tenons \u00e0 votre sujet, y compris les donn\u00e9es que vous nous avez effectivement communiqu\u00e9es. Vous pouvez \u00e9galement demander que nous effacions tout type de donn\u00e9es personnelles que nous d\u00e9tenons \u00e0 votre sujet. Cela n&rsquo;inclut pas les informations que nous sommes tenus de conserver pour des raisons de gestion, juridiques ou de s\u00e9curit\u00e9.<\/p>\n\n\n\n<h3 class=\"wp-block-heading\">O\u00f9 nous envoyons vos informations<\/h3>\n\n\n\n<p>Les commentaires des visiteurs du site peuvent \u00eatre inspect\u00e9s par un service automatis\u00e9 de d\u00e9tection des spams.<\/p>\n\n\n\n<h3 class=\"wp-block-heading\">Vos coordonn\u00e9es pour vous contacter<\/h3>\n\n\n\n<h3 class=\"wp-block-heading\">Informations compl\u00e9mentaires<\/h3>\n\n\n\n<h3 class=\"wp-block-heading\">Comment nous prot\u00e9geons vos donn\u00e9es<\/h3>\n\n\n\n<h3 class=\"wp-block-heading\">Les proc\u00e9dures de violation des donn\u00e9es que nous avons mises en place<\/h3>\n\n\n\n<h3 class=\"wp-block-heading\">Les tiers qui nous fournissent des informations<\/h3>\n\n\n\n<h3 class=\"wp-block-heading\">Quel choix automatique et\/ou profilage nous finissons avec les informations de l&rsquo;utilisateur ?<\/h3>\n\n\n\n<h3 class=\"wp-block-heading\">Demandes de divulgation de la r\u00e9glementation du secteur<\/h3>\n","protected":false},"excerpt":{"rendered":"<p>Que nous sommes L&rsquo;adresse de notre site est http:\/\/ddownload.com.de. Les informations personnelles que nous recueillons et les raisons pour lesquelles nous les recueillons. Remarques Lorsque les visiteurs partent discuter du [&hellip;]<\/p>\n","protected":false},"author":7,"featured_media":0,"parent":0,"menu_order":0,"comment_status":"closed","ping_status":"closed","template":"","meta":{"footnotes":""},"class_list":["post-553","page","type-page","status-publish","hentry"],"_links":{"self":[{"href":"https:\/\/ddownload.com.de\/fr\/wp-json\/wp\/v2\/pages\/553","targetHints":{"allow":["GET"]}}],"collection":[{"href":"https:\/\/ddownload.com.de\/fr\/wp-json\/wp\/v2\/pages"}],"about":[{"href":"https:\/\/ddownload.com.de\/fr\/wp-json\/wp\/v2\/types\/page"}],"author":[{"embeddable":true,"href":"https:\/\/ddownload.com.de\/fr\/wp-json\/wp\/v2\/users\/7"}],"replies":[{"embeddable":true,"href":"https:\/\/ddownload.com.de\/fr\/wp-json\/wp\/v2\/comments?post=553"}],"version-history":[{"count":1,"href":"https:\/\/ddownload.com.de\/fr\/wp-json\/wp\/v2\/pages\/553\/revisions"}],"predecessor-version":[{"id":560,"href":"https:\/\/ddownload.com.de\/fr\/wp-json\/wp\/v2\/pages\/553\/revisions\/560"}],"wp:attachment":[{"href":"https:\/\/ddownload.com.de\/fr\/wp-json\/wp\/v2\/media?parent=553"}],"curies":[{"name":"wp","href":"https:\/\/api.w.org\/{rel}","templated":true}]}}