{"id":541,"date":"2021-11-08T11:39:09","date_gmt":"2021-11-08T11:39:09","guid":{"rendered":"https:\/\/ddownload.com.de\/reviews\/"},"modified":"2021-11-09T14:49:00","modified_gmt":"2021-11-09T14:49:00","slug":"reviews","status":"publish","type":"page","link":"https:\/\/ddownload.com.de\/fr\/reviews\/","title":{"rendered":"Ddownload Commentaires"},"content":{"rendered":"\n<div class=\"gwolle-gb\"><div class=\"gwolle-gb-messages-top-container\"><\/div>\n\t\t\t<div class=\"gwolle-gb-write-button\">\n\t\t\t\t<input type=\"button\" name=\"gwolle-gb-write-button\" class=\"button btn btn-default \" value=\"\u00c9crire un nouveau message\" aria-expanded=\"false\" \/>\n\t\t\t<\/div>\n\t\t\t<form action=\"#\" method=\"POST\" class=\"gwolle-gb-write gwolle-gb-hide gwolle-gb-float gwolle-gb-form-ajax gwolle-gb-ajax gwolle-gb-not-logged-in\">\n\t\t\t\t<h3>\u00c9crivez un nouveau message dans le livre d\u2019or<\/h3>\n\t\t\t\t<button type=\"button\" class=\"gb-notice-dismiss\">x<span class=\"screen-reader-text\">Masquer ce formulaire.<\/span><\/button>\n\t\t\t\n\t\t\t\t<input type=\"hidden\" name=\"gwolle_gb_function\" class=\"gwolle_gb_function\" value=\"add_entry\" \/><input type=\"hidden\" name=\"gwolle_gb_book_id\" class=\"gwolle_gb_book_id\" value=\"1\" \/><div class=\"gwolle_gb_7a1ad86bc62dcd5bccbc5609b0e1479d\">\n\t\t\t\t<div class=\"label\"><label for=\"gwolle_gb_7a1ad86bc62dcd5bccbc5609b0e1479d-1\" class=\"text-info\">Nom <span class=\"required\">*<\/span><\/label><\/div>\n\t\t\t\t<div class=\"input\"><input class=\"wp-exclude-emoji gwolle_gb_7a1ad86bc62dcd5bccbc5609b0e1479d\" value=\"\" type=\"text\" id=\"gwolle_gb_7a1ad86bc62dcd5bccbc5609b0e1479d-1\" name=\"gwolle_gb_7a1ad86bc62dcd5bccbc5609b0e1479d\" required \/><\/div>\n\t\t\t\t<div class=\"clearBoth\">&nbsp;<\/div>\n\t\t\t<\/div><div class=\"gwolle_gb_8270ae85bbc1496ad52653817f8fe1d3\">\n\t\t\t\t\t<div class=\"label\"><label for=\"gwolle_gb_8270ae85bbc1496ad52653817f8fe1d3-1\" class=\"text-info\">Ville<\/label><\/div>\n\t\t\t\t\t<div class=\"input\"><input class=\"wp-exclude-emoji gwolle_gb_8270ae85bbc1496ad52653817f8fe1d3\" value=\"\" type=\"text\" id=\"gwolle_gb_8270ae85bbc1496ad52653817f8fe1d3-1\" name=\"gwolle_gb_8270ae85bbc1496ad52653817f8fe1d3\" \/><\/div>\n\t\t\t\t\t<div class=\"clearBoth\">&nbsp;<\/div>\n\t\t\t\t<\/div><div class=\"gwolle_gb_d242fea6756d8db7acf14342c26f2e76\">\n\t\t\t\t<div class=\"label\"><label for=\"gwolle_gb_d242fea6756d8db7acf14342c26f2e76-1\" class=\"text-info\">E-mail <span class=\"required\">*<\/span><\/label><\/div>\n\t\t\t\t<div class=\"input\"><input class=\"gwolle_gb_d242fea6756d8db7acf14342c26f2e76\" value=\"\" type=\"email\" id=\"gwolle_gb_d242fea6756d8db7acf14342c26f2e76-1\" name=\"gwolle_gb_d242fea6756d8db7acf14342c26f2e76\" required \/><\/div>\n\t\t\t\t<div class=\"clearBoth\">&nbsp;<\/div>\n\t\t\t<\/div><div class=\"gwolle_gb_f3efd6d1c23c54e0a496621b8760039a\">\n\t\t\t\t<div class=\"label\"><label for=\"gwolle_gb_f3efd6d1c23c54e0a496621b8760039a-1\" class=\"text-info\">Site web<\/label><\/div>\n\t\t\t\t<div class=\"input\"><input class=\"gwolle_gb_f3efd6d1c23c54e0a496621b8760039a\" value=\"\" type=\"url\" id=\"gwolle_gb_f3efd6d1c23c54e0a496621b8760039a-1\" name=\"gwolle_gb_f3efd6d1c23c54e0a496621b8760039a\" \/><\/div>\n\t\t\t\t<div class=\"clearBoth\">&nbsp;<\/div>\n\t\t\t<\/div>\n\t\t\t<div class=\"gwolle_gb_a68dafee36f4e0fa9f2519b0e00e27d4\" style=\"display:none;overflow:hidden;\" hidden=\"true\" aria-hidden=\"true\">\n\t\t\t\t<div class=\"label\">\n\t\t\t\t\t<label for=\"gwolle_gb_a68dafee36f4e0fa9f2519b0e00e27d4-1\" class=\"text-primary\">Ne touchez pas \u00e0 ceci<\/label>\n\t\t\t\t\t<label for=\"gwolle_gb_d9a1d6ec97708a9899c047d9ae681b8f-1\" class=\"text-primary\">Ne touchez pas \u00e0 ceci<\/label>\n\t\t\t\t<\/div>\n\t\t\t\t<div class=\"input\">\n\t\t\t\t\t<input value=\"64\" type=\"text\" id=\"gwolle_gb_a68dafee36f4e0fa9f2519b0e00e27d4-1\" name=\"gwolle_gb_a68dafee36f4e0fa9f2519b0e00e27d4\" class=\"gwolle_gb_a68dafee36f4e0fa9f2519b0e00e27d4\" style=\"transform: translateY(10000px);\" \/>\n\t\t\t\t\t<input value=\"\" type=\"text\" name=\"gwolle_gb_d9a1d6ec97708a9899c047d9ae681b8f\" id=\"gwolle_gb_d9a1d6ec97708a9899c047d9ae681b8f-1\" class=\"gwolle_gb_d9a1d6ec97708a9899c047d9ae681b8f\" style=\"transform: translateY(10000px);\" \/>\n\t\t\t\t<\/div>\n\t\t\t\t<div class=\"clearBoth\"><\/div>\n\t\t\t<\/div>\n\t\t\t<div class=\"gwolle_gb_a8afaa1bbd15aa2b2c68b0add0264e84\" style=\"display:none;overflow:hidden;\" hidden=\"true\" aria-hidden=\"true\">\n\t\t\t\t<div class=\"label\">\n\t\t\t\t\t<label for=\"gwolle_gb_a8afaa1bbd15aa2b2c68b0add0264e84-1\" class=\"text-primary\">Ne touchez pas \u00e0 ceci<\/label>\n\t\t\t\t\t<label for=\"gwolle_gb_86cdae849f66a0309a6622be28d0b217-1\" class=\"text-primary\">Ne touchez pas \u00e0 ceci<\/label>\n\t\t\t\t<\/div>\n\t\t\t\t<div class=\"input\">\n\t\t\t\t\t<input value=\"45847\" type=\"text\" id=\"gwolle_gb_a8afaa1bbd15aa2b2c68b0add0264e84-1\" name=\"gwolle_gb_a8afaa1bbd15aa2b2c68b0add0264e84\" class=\"gwolle_gb_a8afaa1bbd15aa2b2c68b0add0264e84\" style=\"transform: translateY(10000px);\" \/>\n\t\t\t\t\t<input value=\"45847\" type=\"text\"id=\"gwolle_gb_86cdae849f66a0309a6622be28d0b217-1\" name=\"gwolle_gb_86cdae849f66a0309a6622be28d0b217\" class=\"gwolle_gb_86cdae849f66a0309a6622be28d0b217\" style=\"transform: translateY(10000px);\" \/>\n\t\t\t\t<\/div>\n\t\t\t\t<div class=\"clearBoth\"><\/div>\n\t\t\t<\/div><div class=\"gwolle_gb_content\">\n\t\t\t\t<div class=\"label\"><label for=\"gwolle_gb_content-1\" class=\"text-info\">Message du livre d\u2019or <span class=\"required\">*<\/span><\/label><\/div>\n\t\t\t\t<div class=\"input\"><textarea id=\"gwolle_gb_content-1\" name=\"gwolle_gb_content\" class=\"gwolle_gb_content wp-exclude-emoji\" required ><\/textarea><\/div>\n\t\t\t\t\t<div class=\"clearBoth\">&nbsp;<\/div>\n\t\t\t\t<\/div><input type=\"hidden\" class=\"gwolle_gb_a5c83699cd9507a3a5a078d0d7745bca\" id=\"gwolle_gb_a5c83699cd9507a3a5a078d0d7745bca-1\" name=\"gwolle_gb_a5c83699cd9507a3a5a078d0d7745bca\" value=\"da93f8ba52\" \/>\n\t\t\t<div class=\"gwolle-gb-messages-bottom-container\"><\/div>\n\n\t\t\t<noscript><div class=\"no-js\">Avertissement\u00a0: Ce formulaire ne peut \u00eatre utilis\u00e9 que si JavaScript est activ\u00e9 dans votre navigateur.<\/div><\/noscript>\n\n\t\t\t<div class=\"gwolle_gb_submit gwolle-gb-submit\">\n\t\t\t\t<div class=\"label gwolle-gb-invisible text-muted\">&nbsp;<\/div>\n\t\t\t\t<div class=\"input\">\n\t\t\t\t\t<input type=\"submit\" name=\"gwolle_gb_submit\" class=\"gwolle_gb_submit button btn btn-primary \" value=\"Envoyer\" \/>\n\t\t\t\t\t<span class=\"gwolle_gb_submit_ajax_icon gwolle-gb-submit-ajax-icon\"><\/span>\n\t\t\t\n\t\t\t\t<\/div>\n\t\t\t\t<div class=\"clearBoth\">&nbsp;<\/div>\n\t\t\t<\/div>\n\n\t\t\t<div class=\"gwolle_gb_notice gwolle-gb-notice\">\n\t\t\t\t<br \/>\nLes champs marqu\u00e9s avec un * sont obligatoires.<br \/>\nVotre adresse e-mail ne sera pas publi\u00e9e.<br \/>\nIl se pourrait que votre message n\u2019apparaisse dans le livre d\u2019or qu\u2019apr\u00e8s que nous l\u2019ayons v\u00e9rifi\u00e9.<br \/>\nNous nous r\u00e9servons le droit de modifier, de supprimer, ou de ne pas publier les messages.<br \/>\n\n\t\t\t<\/div><\/form><div class=\"gwolle-gb-read gwolle-gb-ajax gwolle-gb-entries-list\" data-book_id=\"1\">(Pas de message)<\/div><\/div>\n\n\n\n<p><\/p>\n","protected":false},"excerpt":{"rendered":"","protected":false},"author":7,"featured_media":0,"parent":0,"menu_order":0,"comment_status":"closed","ping_status":"closed","template":"","meta":{"footnotes":""},"class_list":["post-541","page","type-page","status-publish","hentry"],"_links":{"self":[{"href":"https:\/\/ddownload.com.de\/fr\/wp-json\/wp\/v2\/pages\/541","targetHints":{"allow":["GET"]}}],"collection":[{"href":"https:\/\/ddownload.com.de\/fr\/wp-json\/wp\/v2\/pages"}],"about":[{"href":"https:\/\/ddownload.com.de\/fr\/wp-json\/wp\/v2\/types\/page"}],"author":[{"embeddable":true,"href":"https:\/\/ddownload.com.de\/fr\/wp-json\/wp\/v2\/users\/7"}],"replies":[{"embeddable":true,"href":"https:\/\/ddownload.com.de\/fr\/wp-json\/wp\/v2\/comments?post=541"}],"version-history":[{"count":1,"href":"https:\/\/ddownload.com.de\/fr\/wp-json\/wp\/v2\/pages\/541\/revisions"}],"predecessor-version":[{"id":548,"href":"https:\/\/ddownload.com.de\/fr\/wp-json\/wp\/v2\/pages\/541\/revisions\/548"}],"wp:attachment":[{"href":"https:\/\/ddownload.com.de\/fr\/wp-json\/wp\/v2\/media?parent=541"}],"curies":[{"name":"wp","href":"https:\/\/api.w.org\/{rel}","templated":true}]}}