{"id":525,"date":"2021-11-08T11:47:34","date_gmt":"2021-11-08T11:47:34","guid":{"rendered":"https:\/\/ddownload.com.de\/faq\/"},"modified":"2021-11-09T14:13:50","modified_gmt":"2021-11-09T14:13:50","slug":"faq","status":"publish","type":"page","link":"https:\/\/ddownload.com.de\/fr\/faq\/","title":{"rendered":"Ddownload FAQ"},"content":{"rendered":"\n<h3 class=\"wp-block-heading\">QU&rsquo;EST-CE QUE DDOWNLOAD.COM ?<\/h3>\n\n\n\n<p><a href=\"https:\/\/ddownload.com.de\/\" target=\"_blank\" rel=\"noreferrer noopener\">Ddownload.com <\/a>est une soci\u00e9t\u00e9 de stockage de donn\u00e9es. Elle fournit des capacit\u00e9s de stockage et de sauvegarde \u00e0 distance sur Internet, des dispositifs sophistiqu\u00e9s de soumission et de t\u00e9l\u00e9chargement.<br>Avec ddownload.com, vous pouvez h\u00e9berger des donn\u00e9es, des photos, des vid\u00e9os, du son et du flash au m\u00eame endroit.<\/p>\n\n\n\n\n\n\n\n<h3 class=\"wp-block-heading\">POURQUOI DDOWNLOAD.COM ?<\/h3>\n\n\n\n<p>Si vous devez envoyer des donn\u00e9es trop volumineuses pour le courrier \u00e9lectronique, ddownload.com peut vous aider. Si vous avez besoin d&rsquo;un espace de stockage \u00e0 distance s\u00e9curis\u00e9 pour des sauvegardes hors site, ddownload.com a des solutions pour vous. Si vous avez l&rsquo;intention d&rsquo;acc\u00e9der \u00e0 des informations personnelles \u00e0 partir d&rsquo;une vari\u00e9t\u00e9 de syst\u00e8mes informatiques et que vous n&rsquo;avez pas l&rsquo;intention de transporter une cl\u00e9 USB, ddownload.com est un excellent moyen de le faire.<\/p>\n\n\n\n<h3 class=\"wp-block-heading\">LA RECHERCHE DE DOCUMENTS D&rsquo;AUTRES PERSONNES T\u00c9L\u00c9CHARG\u00c9S ?<\/h3>\n\n\n\n<p>Non, car tout le monde ne souhaite pas partager les documents qu&rsquo;il publie avec tout le monde. Cela signifie que ddownload.com peut \u00eatre utilis\u00e9 pour partager des fichiers avec tous ceux que vous choisissez, ainsi que pour le maintenir sur votre propre site comme sauvegarde ou pour t\u00e9l\u00e9charger et installer \u00e0 partir du monde entier.<\/p>\n\n\n\n<h3 class=\"wp-block-heading\">QUEL TYPE D&rsquo;ENREGISTREMENT PEUT \u00caTRE T\u00c9L\u00c9CHARG\u00c9 ?<\/h3>\n\n\n\n<p>arty images \u00e0 un dossier vital. Les seules restrictions concernent la pornographie, la nudit\u00e9, les images \u00e0 caract\u00e8re sexuel ainsi que tout type de produit offensant et, bien s\u00fbr, le mat\u00e9riel prot\u00e9g\u00e9 par le droit d&rsquo;auteur.<br>Veuillez vous r\u00e9f\u00e9rer \u00e0 nos CGU pour plus d&rsquo;informations sur les conditions de service de ddownload.com.<\/p>\n\n\n\n<h3 class=\"wp-block-heading\">COMMENT SUPPRIMER UN DOCUMENT QUE J&rsquo;AI POST\u00c9 ?<\/h3>\n\n\n\n<p>Pour supprimer un fichier que vous avez publi\u00e9, vous devez utiliser le lien Web de suppression qui vous a \u00e9t\u00e9 fourni apr\u00e8s le processus de t\u00e9l\u00e9chargement.<br>Si vous avez perdu votre code de suppression, vous pouvez simplement attendre que le fichier expire pour qu&rsquo;il soit automatiquement supprim\u00e9 de notre site.<\/p>\n\n\n\n<h3 class=\"wp-block-heading\">EST-CE QUE JE PEUX FAIRE DES LIENS HYPERTEXTES AVEC CE QUE JE PUBLIE ?<\/h3>\n\n\n\n<p>Non. Les liens hypertextes ne sont pas autoris\u00e9s sur les fichiers t\u00e9l\u00e9charg\u00e9s sur nos serveurs.<\/p>\n\n\n\n<h3 class=\"wp-block-heading\">EXISTE-T-IL UNE API ?<\/h3>\n\n\n\n<p>Oui, vous pouvez obtenir les param\u00e8tres ici m\u00eame<\/p>\n","protected":false},"excerpt":{"rendered":"<p>QU&rsquo;EST-CE QUE DDOWNLOAD.COM ? Ddownload.com est une soci\u00e9t\u00e9 de stockage de donn\u00e9es. Elle fournit des capacit\u00e9s de stockage et de sauvegarde \u00e0 distance sur Internet, des dispositifs sophistiqu\u00e9s de soumission [&hellip;]<\/p>\n","protected":false},"author":7,"featured_media":0,"parent":0,"menu_order":0,"comment_status":"closed","ping_status":"closed","template":"template-fullwidth.php","meta":{"footnotes":""},"class_list":["post-525","page","type-page","status-publish","hentry"],"_links":{"self":[{"href":"https:\/\/ddownload.com.de\/fr\/wp-json\/wp\/v2\/pages\/525","targetHints":{"allow":["GET"]}}],"collection":[{"href":"https:\/\/ddownload.com.de\/fr\/wp-json\/wp\/v2\/pages"}],"about":[{"href":"https:\/\/ddownload.com.de\/fr\/wp-json\/wp\/v2\/types\/page"}],"author":[{"embeddable":true,"href":"https:\/\/ddownload.com.de\/fr\/wp-json\/wp\/v2\/users\/7"}],"replies":[{"embeddable":true,"href":"https:\/\/ddownload.com.de\/fr\/wp-json\/wp\/v2\/comments?post=525"}],"version-history":[{"count":1,"href":"https:\/\/ddownload.com.de\/fr\/wp-json\/wp\/v2\/pages\/525\/revisions"}],"predecessor-version":[{"id":532,"href":"https:\/\/ddownload.com.de\/fr\/wp-json\/wp\/v2\/pages\/525\/revisions\/532"}],"wp:attachment":[{"href":"https:\/\/ddownload.com.de\/fr\/wp-json\/wp\/v2\/media?parent=525"}],"curies":[{"name":"wp","href":"https:\/\/api.w.org\/{rel}","templated":true}]}}