{"id":499,"date":"2021-11-08T11:38:52","date_gmt":"2021-11-08T11:38:52","guid":{"rendered":"https:\/\/ddownload.com.de\/affiliate\/"},"modified":"2021-11-09T13:15:16","modified_gmt":"2021-11-09T13:15:16","slug":"affiliate","status":"publish","type":"page","link":"https:\/\/ddownload.com.de\/fr\/affiliate\/","title":{"rendered":"Ddownload Affili\u00e9"},"content":{"rendered":"\n<p>PPD : 100% des t\u00e9l\u00e9chargements, pour chaque 1000 t\u00e9l\u00e9chargements<br>PPS : 50% des ventes et 50% des refacturations<br>MIX : 50% des t\u00e9l\u00e9chargements 30% des ventes 20% des refacturations<\/p>\n\n\n\n<p>Le paiement minimum est de 10 $.<br>Sugg\u00e9rez de nouveaux associ\u00e9s et gagnez \u00e9galement 15% de leurs gains.<br>Les r\u00e8glements sont effectu\u00e9s via Bitcoin, Ethereum, Litecoin, Bitcoincash.<br>Les frais en esp\u00e8ces seront soustraits du solde de l&rsquo;utilisateur, le cas \u00e9ch\u00e9ant.<br>DDownload envoie les compensations dans un d\u00e9lai d&rsquo;une semaine ou d&rsquo;un mois. Les r\u00e8glements importants prennent un certain temps.<\/p>\n\n\n\n<h3 class=\"wp-block-heading\"><strong>Politiques pour les affili\u00e9s<\/strong><\/h3>\n\n\n\n<p><strong><a href=\"https:\/\/ddownload.com.de\/\" target=\"_blank\" rel=\"noreferrer noopener\">Ddownload <\/a><\/strong>n&rsquo;autorise pas le contenu Web CP, cela entra\u00eenera la r\u00e9siliation de votre compte.<br>En raison du nombre massif de clients escrocs cr\u00e9ant des t\u00e9l\u00e9chargements \u00e0 partir de sites web BLOGSPOT, ddownload ne d\u00e9pense pas pour les gains provenant de sites web blogspot.<br>La suppression de fichiers avec des b\u00e9n\u00e9fices d\u00e9lib\u00e9r\u00e9s ne sera pas pay\u00e9e, ainsi que les t\u00e9l\u00e9chargements cr\u00e9\u00e9s \u00e0 partir d&rsquo;une nation \u00e0 taux \u00e9lev\u00e9 sans ressource valide. DDownload a le droit de mettre votre compte hors-la-loi sans payer si l&rsquo;adh\u00e9rence \u00e0 se produit.<br>Les t\u00e9l\u00e9chargements qui n&rsquo;ont pas de source ne seront certainement pas compt\u00e9s, et nous allons certainement demander la source du site Web pour les t\u00e9l\u00e9chargements, si elle n&rsquo;est pas envoy\u00e9e \u00e0 nous sera ill\u00e9gale compte.<br>Les comptes seront interdits pour les raisons suivantes : t\u00e9l\u00e9chargements \u00e0 partir de ressources douteuses (sites Internet) ou sans aucune ressource, t\u00e9l\u00e9chargement et installation d&rsquo;adresses IP proxy ou t\u00e9l\u00e9chargement d&rsquo;une grande vari\u00e9t\u00e9 de fichiers. Nous pouvons demander votre ressource de trafic de site Web, si vous ne parvenez pas \u00e0 envoyer une source l\u00e9gitime, nous avons les libert\u00e9s civiles de mettre votre compte hors la loi sans payer.<br>Les t\u00e9l\u00e9chargements g\u00e9n\u00e9r\u00e9s par des visiteurs du site disposant d&rsquo;un bloqueur de publicit\u00e9 ne sont pas cr\u00e9dit\u00e9s.<br><strong>Le trafic web produit \u00e0 l&rsquo;aide de hits informatis\u00e9s ou de trafic web manipul\u00e9 n&rsquo;est pas autoris\u00e9.<br><\/strong>ddownload se r\u00e9serve le droit de modifier le programme de r\u00e9compenses et la date de remboursement sans pr\u00e9avis.<br>La taille des fichiers doit \u00eatre de 100KB+ pour \u00eatre compens\u00e9.<br>ddownload ne compte que 1% de t\u00e9l\u00e9chargements et d&rsquo;installations et les adresses IP sp\u00e9ciales, les t\u00e9l\u00e9chargements non termin\u00e9s et les ADBLOCK ne sont pas compt\u00e9s.<br>ddownload ne compte que 3 t\u00e9l\u00e9chargements depuis des adresses IP sp\u00e9ciales par 24 heures.<br>Les images\/photos ne sont pas activ\u00e9es.<br>Les t\u00e9l\u00e9chargements de robots sont suivis, ainsi que confirm\u00e9s lors du paiement. En cas de d\u00e9couverte, le compte sera certainement banni.<br>ddownload n&rsquo;autorise pas les images et les fichiers en hotlinking.<br>Essayer d&rsquo;obtenir des revenus en utilisant des techniques trompeuses ou contraires \u00e0 l&rsquo;\u00e9thique, comme le spamming, entra\u00eenera une interdiction imm\u00e9diate.<br>Tous les associ\u00e9s doivent accepter et respecter les conditions g\u00e9n\u00e9rales, le plan de copyright et la politique de confidentialit\u00e9 de ddownload.<br>Enregistrements DMCA : Si vos donn\u00e9es t\u00e9l\u00e9charg\u00e9es sont prot\u00e9g\u00e9es par le droit d&rsquo;auteur et signal\u00e9es par le propri\u00e9taire des donn\u00e9es, vos documents seront certainement supprim\u00e9s de nos serveurs Web.<br>Les fichiers n&rsquo;ayant fait l&rsquo;objet d&rsquo;aucun affichage\/t\u00e9l\u00e9chargement seront certainement supprim\u00e9s un mois apr\u00e8s que vous les ayez t\u00e9l\u00e9charg\u00e9s. Tous les autres fichiers avec des t\u00e9l\u00e9chargements en temps r\u00e9el seront certainement conserv\u00e9s. (Sauf si vous d\u00e9cidez de les supprimer vous-m\u00eame).<br>ddownload se r\u00e9serve le droit de v\u00e9rifier la source du trafic de votre site web lorsque vous demandez un paiement afin d&#8217;emp\u00eacher les t\u00e9l\u00e9chargements et les profits frauduleux.<br>Lorsque vous demandez un paiement, votre trafic doit \u00eatre en ligne (vous devez avoir des t\u00e9l\u00e9chargements de routine \u00e0 partir de documents en cours), c&rsquo;est-\u00e0-dire que vous ne pouvez pas arr\u00eater votre trafic pendant que le paiement est en cours.<\/p>\n\n\n\n<figure class=\"wp-block-table\"><table><tbody><tr><td><strong><strong>Niveau<\/strong> <\/strong><\/td><td class=\"has-text-align-center\" data-align=\"center\"><strong>1-50 MB<\/strong><\/td><td class=\"has-text-align-center\" data-align=\"center\"><strong>50-100 MB<\/strong><\/td><td class=\"has-text-align-center\" data-align=\"center\"><strong>100-250 MB<\/strong><\/td><td class=\"has-text-align-center\" data-align=\"center\"><strong>250-500 MB<\/strong><\/td><td class=\"has-text-align-center\" data-align=\"center\"><strong>500-1000 MB<\/strong><\/td><td class=\"has-text-align-center\" data-align=\"center\"><strong>1000-2000 MB<\/strong><\/td><\/tr><tr><td><strong><strong>Niveau<\/strong><\/strong> 1<\/td><td class=\"has-text-align-center\" data-align=\"center\">$1<\/td><td class=\"has-text-align-center\" data-align=\"center\">$3<\/td><td class=\"has-text-align-center\" data-align=\"center\">$5<\/td><td class=\"has-text-align-center\" data-align=\"center\">$7<\/td><td class=\"has-text-align-center\" data-align=\"center\">$10<\/td><td class=\"has-text-align-center\" data-align=\"center\">$20<\/td><\/tr><tr><td><strong><strong>Niveau<\/strong><\/strong> 2<\/td><td class=\"has-text-align-center\" data-align=\"center\">$0.5<\/td><td class=\"has-text-align-center\" data-align=\"center\">$1 <\/td><td class=\"has-text-align-center\" data-align=\"center\">$3<\/td><td class=\"has-text-align-center\" data-align=\"center\">$5<\/td><td class=\"has-text-align-center\" data-align=\"center\">$6<\/td><td class=\"has-text-align-center\" data-align=\"center\">$7<\/td><\/tr><tr><td><strong><strong>Niveau<\/strong><\/strong> 3<\/td><td class=\"has-text-align-center\" data-align=\"center\">$0.5<\/td><td class=\"has-text-align-center\" data-align=\"center\">$1 <\/td><td class=\"has-text-align-center\" data-align=\"center\">$1<\/td><td class=\"has-text-align-center\" data-align=\"center\">$1.5<\/td><td class=\"has-text-align-center\" data-align=\"center\">$2<\/td><td class=\"has-text-align-center\" data-align=\"center\">$2.5<\/td><\/tr><tr><td><strong><strong>Niveau<\/strong><\/strong> 4<\/td><td class=\"has-text-align-center\" data-align=\"center\">$0.3<\/td><td class=\"has-text-align-center\" data-align=\"center\">$0.5<\/td><td class=\"has-text-align-center\" data-align=\"center\">$0.5<\/td><td class=\"has-text-align-center\" data-align=\"center\">$0.5<\/td><td class=\"has-text-align-center\" data-align=\"center\">$0.5<\/td><td class=\"has-text-align-center\" data-align=\"center\">$0.5<\/td><\/tr><\/tbody><\/table><\/figure>\n\n\n\n<figure class=\"wp-block-table\"><table><tbody><tr><td class=\"has-text-align-center\" data-align=\"center\"><strong>Niveau<\/strong> <strong>1<\/strong><\/td><td class=\"has-text-align-center\" data-align=\"center\"><strong>Niveau<\/strong> <strong>2<\/strong><\/td><td class=\"has-text-align-center\" data-align=\"center\"><strong>Niveau<\/strong> <strong>3<\/strong><\/td><td class=\"has-text-align-center\" data-align=\"center\"><strong>Niveau<\/strong> <strong>4<\/strong><\/td><\/tr><tr><td class=\"has-text-align-center\" data-align=\"center\">Arabie Saoudite<br>la Belgique<br>Allemagne<br>Espagne<br>La France<br>Pologne<br>\u00c9tats Unis<br>Pays-Bas<br>Canada<\/td><td class=\"has-text-align-center\" data-align=\"center\">Andorre<br>Emirats Arabes Unis<br>Australie<br>la Suisse<br>Chypre<br>R\u00e9publique Tch\u00e8que<br>Danemark<br>Finlande<br>Irlande<br>Isra\u00ebl<br>Italie<br>Japon<br>Koweit<br>Monaco<br>Norv\u00e8ge<br>Nouvelle-Z\u00e9lande<br>le Portugal<br>Qatar<br>F\u00e9d\u00e9ration Russe<br>Su\u00e8de<br>Afrique du Sud<\/td><td class=\"has-text-align-center\" data-align=\"center\">Argentine<br>Br\u00e9sil<br>Bulgarie<br>R\u00e9publique dominicaine<br>Estonie<br>Gr\u00e8ce<br>Hong Kong<br>Hongrie<br>Lituanie<br>Cor\u00e9e du Sud<br>Lettonie<br>Maurice<br>Luxembourgeois<br>Malaisie<br>Turquie<br>Oman<br>Slov\u00e9nie<br>Ukraine<\/td><td class=\"has-text-align-center\" data-align=\"center\">Tous les autres pays<\/td><\/tr><\/tbody><\/table><\/figure>\n","protected":false},"excerpt":{"rendered":"<p>PPD : 100% des t\u00e9l\u00e9chargements, pour chaque 1000 t\u00e9l\u00e9chargementsPPS : 50% des ventes et 50% des refacturationsMIX : 50% des t\u00e9l\u00e9chargements 30% des ventes 20% des refacturations Le paiement minimum [&hellip;]<\/p>\n","protected":false},"author":7,"featured_media":0,"parent":0,"menu_order":0,"comment_status":"closed","ping_status":"closed","template":"template-fullwidth.php","meta":{"footnotes":""},"class_list":["post-499","page","type-page","status-publish","hentry"],"_links":{"self":[{"href":"https:\/\/ddownload.com.de\/fr\/wp-json\/wp\/v2\/pages\/499","targetHints":{"allow":["GET"]}}],"collection":[{"href":"https:\/\/ddownload.com.de\/fr\/wp-json\/wp\/v2\/pages"}],"about":[{"href":"https:\/\/ddownload.com.de\/fr\/wp-json\/wp\/v2\/types\/page"}],"author":[{"embeddable":true,"href":"https:\/\/ddownload.com.de\/fr\/wp-json\/wp\/v2\/users\/7"}],"replies":[{"embeddable":true,"href":"https:\/\/ddownload.com.de\/fr\/wp-json\/wp\/v2\/comments?post=499"}],"version-history":[{"count":5,"href":"https:\/\/ddownload.com.de\/fr\/wp-json\/wp\/v2\/pages\/499\/revisions"}],"predecessor-version":[{"id":520,"href":"https:\/\/ddownload.com.de\/fr\/wp-json\/wp\/v2\/pages\/499\/revisions\/520"}],"wp:attachment":[{"href":"https:\/\/ddownload.com.de\/fr\/wp-json\/wp\/v2\/media?parent=499"}],"curies":[{"name":"wp","href":"https:\/\/api.w.org\/{rel}","templated":true}]}}