{"id":304,"date":"2020-10-28T19:47:23","date_gmt":"2020-10-28T19:47:23","guid":{"rendered":"https:\/\/ddownload.com.de\/?page_id=304"},"modified":"2022-03-09T15:52:20","modified_gmt":"2022-03-09T15:52:20","slug":"ddownload-telechargez-et-partagez-vos-fichiers","status":"publish","type":"page","link":"https:\/\/ddownload.com.de\/fr\/","title":{"rendered":"Ddownload &#8211; t\u00e9l\u00e9chargez et partagez vos fichiers"},"content":{"rendered":"\n<h2 class=\"wp-block-heading\">Foire aux questions<\/h2>\n\n\n<a class=\"maxbutton-1 maxbutton\" target=\"_blank\" rel=\"nofollow noopener\" href=\"\/go\/\"><span class='mb-text'>&gt;&gt; Allez sur le site officiel ddownload.com<\/span><\/a>\n\n\n<p>Mis \u00e0 jour le:<strong>  <strong>09.03.2022<\/strong><\/strong><\/p>\n\n\n\n<h3 class=\"wp-block-heading\">\u00c9TAIT IL T\u00c9L\u00c9CHARG\u00c9 ?<\/h3>\n\n\n\n<p>ddownload est un fournisseur d&rsquo;h\u00e9bergement de fichiers. Nous offrons une capacit\u00e9 de stockage en ligne\/sauvegarde \u00e0 distance, ainsi que des outils avanc\u00e9s de t\u00e9l\u00e9chargement et de chargement.<br>Avec ddownload, vous pouvez h\u00e9berger au m\u00eame endroit des fichiers, des photos, des vid\u00e9os, de l&rsquo;audio et du flash.<\/p>\n\n\n\n<h3 class=\"wp-block-heading\">POURQUOI DEVRAIS JE UTILISER DDOWNLOAD ?<\/h3>\n\n\n\n<p>Chaque fois que vous devez envoyer un fichier trop volumineux pour le courrier \u00e9lectronique, ddownload peut vous aider. Si vous avez besoin d&rsquo;une capacit\u00e9 de stockage \u00e0 distance s\u00e9curis\u00e9e pour des sauvegardes hors site, ddownload a des solutions pour vous. Si vous souhaitez acc\u00e9der \u00e0 des donn\u00e9es personnelles \u00e0 partir de diff\u00e9rents ordinateurs et que vous ne voulez pas transporter une cl\u00e9 USB avec vous, ddownload est un moyen parfait pour le faire.<\/p>\n\n\n\n<h3 class=\"wp-block-heading\">PUIS-JE RECHERCHER DES FICHIERS T\u00c9L\u00c9CHARG\u00c9S PAR D&rsquo;AUTRES PERSONNES ?<\/h3>\n\n\n\n<p>Non, parce que tout le monde ne veut pas partager les fichiers qu&rsquo;il t\u00e9l\u00e9charge avec les autres. De cette fa\u00e7on, le ddownload peut \u00eatre utilis\u00e9 pour partager des fichiers avec n&rsquo;importe quel utilisateur, mais aussi pour les conserver pour vous-m\u00eame en tant que sauvegarde ou pour les ddownload de n&rsquo;importe o\u00f9 dans le monde.<\/p>\n\n\n\n<h3 class=\"wp-block-heading\">QUELS TYPES DE FICHIERS PEUVENT \u00caTRE T\u00c9L\u00c9CHARG\u00c9S ?<\/h3>\n\n\n\n<p>Tous types de documents : des photos de votre f\u00eate \u00e0 un document important. Les seules restrictions s&rsquo;appliquent \u00e0 la pornographie, \u00e0 la nudit\u00e9, aux images sexuelles et \u00e0 tout type de mat\u00e9riel offensant, et bien s\u00fbr au mat\u00e9riel prot\u00e9g\u00e9 par le droit d&rsquo;auteur.<br>Vous trouverez de plus amples informations sur les conditions d&rsquo;utilisation de ddownload dans nos CGU.<\/p>\n\n\n\n<h3 class=\"wp-block-heading\">COMMENT SUPPRIMER UN FICHIER QUE J&rsquo;AI T\u00c9L\u00c9CHARG\u00c9 ?<\/h3>\n\n\n\n<p>Pour supprimer un fichier que vous avez t\u00e9l\u00e9charg\u00e9, vous devez utiliser le lien de suppression fourni apr\u00e8s le processus de t\u00e9l\u00e9chargement.<br>Si vous avez perdu votre code de suppression, vous pouvez simplement attendre que le fichier expire pour le faire supprimer automatiquement de notre site web.<\/p>\n\n\n\n<h3 class=\"wp-block-heading\">PUIS JE CR\u00c9ER DES LIENS HYPERTEXTES ENTRE LES FICHIERS QUE JE T\u00c9L\u00c9CHARGE ?<\/h3>\n\n\n\n<p>Non. L&rsquo;\u00e9tablissement de liens hypertextes n&rsquo;est pas autoris\u00e9 pour tout type de fichiers qui sont t\u00e9l\u00e9charg\u00e9s sur nos serveurs.<\/p>\n\n\n\n<h3 class=\"wp-block-heading\">JE DOIS ENCORE ME DEMANDER, QUE DOIS-JE FAIRE ?<\/h3>\n\n\n\n<p>Si vous avez des questions sur nos services, n&rsquo;h\u00e9sitez pas \u00e0 nous contacter via notre formulaire de contact.<\/p>\n\n\n<a class=\"maxbutton-1 maxbutton\" target=\"_blank\" rel=\"nofollow noopener\" href=\"\/go\/\"><span class='mb-text'>&gt;&gt; Allez sur le site officiel ddownload.com<\/span><\/a>\n\n\n<h2 class=\"wp-block-heading\">Ddownload Prix<\/h2>\n\n\n\n<figure class=\"wp-block-image is-resized\"><img loading=\"lazy\" decoding=\"async\" src=\"https:\/\/ddownload.com.de\/wp-content\/uploads\/2020\/07\/ddownload-preise-1024x485.png\" alt=\"ddownload preise\" width=\"665\" height=\"314\"\/><\/figure>\n\n\n\n<figure class=\"wp-block-table\"><table><tbody><tr><td><strong>Dur\u00e9e<\/strong><\/td><td><strong>Prix<\/strong><\/td><td><strong>Prix par mois<\/strong><\/td><\/tr><tr><td>1 mois<\/td><td>10\u20ac<\/td><td>10\u20ac<\/td><\/tr><tr><td>6 Mois<\/td><td>40\u20ac<\/td><td>6,67\u20ac<\/td><\/tr><tr><td>12 Mois<\/td><td>50\u20ac*<\/td><td>4,11\u20ac<\/td><\/tr><\/tbody><\/table><figcaption>*60% Rabatt<\/figcaption><\/figure>\n\n\n\n<h2 class=\"wp-block-heading\">Derni\u00e8res nouvelles<\/h2>\n\n\n\n<h3 class=\"wp-block-heading\">Maintenance d&rsquo;urgence planifi\u00e9e : le routeur central AMS-01<\/h3>\n\n\n\n<p><strong>02 NOVEMBRE 2021<\/strong><\/p>\n\n\n\n<p>Dans le cadre de nos efforts pour am\u00e9liorer continuellement les niveaux de service, nous souhaitons vous informer d&rsquo;une maintenance d&rsquo;urgence qui aura lieu le 04 novembre 2021.<\/p>\n\n\n\n<p>L&rsquo;un des routeurs centraux du centre de donn\u00e9es AMS-01 aux Pays-Bas corrigera l&rsquo;utilisation accrue de la m\u00e9moire du moteur de routage de secours.<\/p>\n\n\n\n<p><strong>Quand la maintenance aura-t-elle lieu ?<\/strong><br><strong>Date: <\/strong>04 Novembre 2021<br><strong>Heure : <\/strong>01:00 UTC+01:00 &#8211; 06:00 UTC+01:00<\/p>\n\n\n\n<p>Une fois la maintenance d&rsquo;urgence termin\u00e9e, le r\u00e9seau sera surveill\u00e9 pour s&rsquo;assurer qu&rsquo;il fonctionne normalement.<\/p>\n\n\n\n<h3 class=\"wp-block-heading\">T\u00e9l\u00e9charger les changements de r\u00e9compenses<\/h3>\n\n\n\n<p><strong>18 F\u00c9VRIER 2021<\/strong><\/p>\n\n\n\n<p>Cher utilisateur,<\/p>\n\n\n\n<p>En raison du nombre \u00e9lev\u00e9 d&rsquo;abus de t\u00e9l\u00e9chargements gratuits, il a \u00e9t\u00e9 d\u00e9cid\u00e9 de passer aux t\u00e9l\u00e9chargements premium \u00e0 partir du vendredi 19 f\u00e9vrier 2021.<\/p>\n\n\n\n<p>Cela signifie que seuls les t\u00e9l\u00e9chargements des utilisateurs premium seront r\u00e9compens\u00e9s. Il n&rsquo;y aura plus de t\u00e9l\u00e9chargements gratuits. Nous avons un volume de robots tr\u00e8s \u00e9lev\u00e9 dont de nombreux utilisateurs affili\u00e9s profitent pour gagner de l&rsquo;argent. Par cons\u00e9quent, nous devons prendre ces mesures pour couvrir nos co\u00fbts autant que possible.<\/p>\n\n\n\n<p>Pour cette raison, la semaine prochaine, nous modifierons notre logique de r\u00e9compense des ventes afin de nous assurer que toutes les ventes VPN seront pay\u00e9es correctement \u00e0 l&rsquo;avenir sans \u00eatre marqu\u00e9es comme frauduleuses. Par cons\u00e9quent, vos chances de gagner des revenus avec Pay-Per-Sale sont beaucoup plus \u00e9lev\u00e9es que d&rsquo;habitude.<\/p>\n\n\n\n<p>Nous vous remercions de votre compr\u00e9hension.<\/p>\n\n\n\n<h3 class=\"wp-block-heading\">Augmentation du paiement minimum \u00e0 50 EUR<\/h3>\n\n\n\n<p><strong>17 F\u00c9VRIER 2021<\/strong><\/p>\n\n\n\n<p><strong>En raison des frais \u00e9lev\u00e9s de Bitcoin, le paiement minimum a \u00e9t\u00e9 augment\u00e9 de 10 EUR \u00e0 50 EUR. Nous avons d\u00fb prendre cette mesure temporairement car 90% de nos partenaires Bitcoin sont des partenaires Bitcoin.<\/strong><\/p>\n\n\n\n<p>Les versements sont effectu\u00e9s en liaison avec des r\u00e9seaux plus importants. Pour chaque transaction, la soci\u00e9t\u00e9 de paiement facture des frais de 3 \u00e0 5 euros, et nous-m\u00eames payons aussi tr\u00e8s souvent des frais pour les bitcoins que nous acceptons.<\/p>\n\n\n\n<p>Actuellement, les frais sont si \u00e9lev\u00e9s que nous sommes oblig\u00e9s de prendre cette mesure pour \u00e9viter des co\u00fbts \u00e9lev\u00e9s.<\/p>\n\n\n\n<h3 class=\"wp-block-heading\">D\u00e9fauts de vitesse en d\u00e9cembre 2020.<\/h3>\n\n\n\n<p><strong>10 D\u00c9CEMBRE 2020<\/strong><\/p>\n\n\n\n<p>Chers utilisateurs,<\/p>\n\n\n\n<p>La situation de Corona a \u00e9t\u00e9 relativement difficile pour nous cette ann\u00e9e. D\u00e9j\u00e0 en mars et avril de cette ann\u00e9e, des perturbations majeures ont eu lieu sur notre r\u00e9seau, et maintenant \u00e0 nouveau en d\u00e9cembre 2020, lorsque toutes les mesures de fermeture ont \u00e9t\u00e9 prises dans plusieurs pays.<\/p>\n\n\n\n<p>Nous proc\u00e9dons actuellement \u00e0 un \u00e9tranglement de la vitesse de t\u00e9l\u00e9chargement par fichier afin de limiter la vitesse de t\u00e9l\u00e9chargement et de maintenir l&rsquo;ensemble du r\u00e9seau du cluster aussi stable que possible.<\/p>\n\n\n\n<p>Avec des milliers d&rsquo;utilisateurs actuellement actifs, certains serveurs atteignent encore leurs limites de vitesse.<\/p>\n\n\n\n<p><strong>Nous vous remercions de votre compr\u00e9hension et esp\u00e9rons vous garder comme client. Si vous souhaitez \u00eatre rembours\u00e9 pour ces probl\u00e8mes, veuillez cr\u00e9er un ticket de support pour recevoir votre remboursement.<\/strong><\/p>\n\n\n\n<h3 class=\"wp-block-heading\">Travaux de maintenance sur le r\u00e9seau NL2.<\/h3>\n\n\n\n<p><strong>24 SEPTEMBRE 2020<\/strong><\/p>\n\n\n\n<p>Chers utilisateurs,<\/p>\n\n\n\n<p>Le lundi 28.09.2020, heure d&rsquo;Amsterdam UTC+2, des travaux de maintenance seront effectu\u00e9s demain matin. Ces travaux de maintenance peuvent entra\u00eener une restriction ou une inaccessibilit\u00e9 du site web pendant quelques heures.<\/p>\n\n\n\n<p>Apr\u00e8s les travaux de maintenance, le site web fonctionnera \u00e0 nouveau comme d&rsquo;habitude.<\/p>\n\n\n\n<h3 class=\"wp-block-heading\">Travaux de maintenance sur le r\u00e9seau GLNL\/2.<\/h3>\n\n\n\n<p><strong>15 SEPTEMBRE 2020<\/strong><\/p>\n\n\n\n<p>Une maintenance urgente est pr\u00e9vue pour le 15 septembre 2020. Il peut y avoir quelques restrictions sur les services.<\/p>\n\n\n\n<p><strong>Les services concern\u00e9s se trouvent dans le r\u00e9seau GLNL\/2 \u00e0 UCDN de www500 \u00e0 www550. Les services peuvent \u00eatre soumis \u00e0 des restrictions de vitesse.<\/strong><\/p>\n\n\n\n<h3 class=\"wp-block-heading\">Le passage \u00e0 l&rsquo;euro<\/h3>\n\n\n\n<p><strong>16 JUILLET 2020<\/strong><\/p>\n\n\n\n<p>Chers utilisateurs de DDownload.<\/p>\n\n\n\n<p>Pour des raisons \u00e9conomiques et apr\u00e8s deux mois de tests et de discussions dans l&rsquo;\u00e9quipe d&rsquo;Unlimited Network Limited, nous avons d\u00e9cid\u00e9 de changer nos prix de USD \u00e0 EUR.<\/p>\n\n\n\n<p><strong>Pourquoi avons-nous pris cette d\u00e9cision ?<\/strong><br>Cette d\u00e9cision a \u00e9t\u00e9 prise en raison d&rsquo;un certain nombre de probl\u00e8mes et d&rsquo;incertitudes li\u00e9s aux m\u00e9thodes de paiement, au paiement, \u00e0 des raisons \u00e9conomiques et d&rsquo;infrastructure.<\/p>\n\n\n\n<p>Pr\u00e8s de 40 % de notre infrastructure est connect\u00e9e, dans certains cas d\u00e8s aujourd&rsquo;hui, \u00e0 des r\u00e9seaux disposant de bonnes connexions avec l&rsquo;Asie. Par cons\u00e9quent, la connexion pour les utilisateurs d&rsquo;Europe, notamment d&rsquo;Allemagne, n&rsquo;est pas encore garantie \u00e0 100%, comme certains peuvent le penser. Notre service existe depuis plus de quatre ans, et nous l&rsquo;avons cr\u00e9\u00e9 et d\u00e9velopp\u00e9 en Asie. Au premier trimestre de l&rsquo;ann\u00e9e derni\u00e8re, 70 % de nos utilisateurs se trouvaient en Asie. Nos investissements \u00e9taient concentr\u00e9s sur l&rsquo;Asie, et notre activit\u00e9 principale \u00e9tait juste le nombre d&rsquo;utilisateurs.<\/p>\n\n\n\n<p>Puis, \u00e0 la fin de 2019, il y a eu un boom en provenance d&rsquo;Europe et la situation a chang\u00e9. Le nombre d&rsquo;utilisateurs a augment\u00e9 de pr\u00e8s de 70 % et nous avons d\u00fb mettre \u00e0 niveau notre infrastructure. Nous la mettons \u00e0 jour tous les mois.<\/p>\n\n\n\n<p>Cependant, l&rsquo;infrastructure de DDownload n&rsquo;est pas encore pr\u00eate \u00e0 100 %. Pour la faire fonctionner, nous avons d\u00fb changer notre devise, passant du dollar \u00e0 l&rsquo;euro. La diff\u00e9rence de prix entre l&rsquo;euro et le dollar est presque n\u00e9gligeable, ce qui entra\u00eene une l\u00e9g\u00e8re inflation.<\/p>\n\n\n\n<p>Cette d\u00e9cision nous a permis de d\u00e9velopper notre infrastructure et de fournir un service qui satisfera nos clients pendant des ann\u00e9es.<\/p>\n\n\n\n<p><strong>Qu&rsquo;adviendra-t-il des paiements ?<\/strong><br>Les paiements en crypto-monnaies seront maintenus. Avec ce changement, vous gagnerez plus qu&rsquo;avant. De plus, le montant actuel des paiements vous donnera une petite prime pour la conversion des devises.<\/p>\n\n\n\n<p>En cas de probl\u00e8mes de serveur ou de fluctuations de vitesse, veuillez visiter le centre d&rsquo;assistance avant d&rsquo;\u00e9crire un ticket support.ddownload.com.<\/p>\n\n\n\n<p>Le centre de support fournit principalement des informations sur les questions techniques.<\/p>\n\n\n\n<h3 class=\"wp-block-heading\">Travaux de maintenance sur le r\u00e9seau GLNL.<\/h3>\n\n\n\n<p><strong>27 JUIN 2020<\/strong><\/p>\n\n\n\n<p><strong>Des travaux de maintenance d&rsquo;urgence ont lieu sur le r\u00e9seau GLNL. <\/strong>Des restrictions de vitesse peuvent \u00eatre appliqu\u00e9es pendant les semaines<strong> calendaires 27 et 28. <\/strong>Les utilisateurs en Allemagne sont pri\u00e9s de ne pas utiliser le r\u00e9seau aux heures de pointe pendant cette p\u00e9riode. Si vous constatez des restrictions importantes, veuillez nous contacter.<\/p>\n\n\n\n<p>Cette maintenance est n\u00e9cessaire pour am\u00e9liorer tous les services d&rsquo;upload et de download. Nous avons re\u00e7u plusieurs rapports concernant des probl\u00e8mes de t\u00e9l\u00e9chargement qui affectent actuellement ce r\u00e9seau.<\/p>\n\n\n\n<p>Notre r\u00e9seau GLNL n&rsquo;est pas directement sous contrat avec Deutsche Telekom ou tout autre r\u00e9seau. Par cons\u00e9quent, des restrictions de vitesse peuvent survenir. Les r\u00e9seaux des autres pays ne sont pas affect\u00e9s.<\/p>\n\n\n\n<h3 class=\"wp-block-heading\">Travaux de maintenance planifi\u00e9s sur le r\u00e9seau GLNL.<\/h3>\n\n\n\n<p><strong>18 JUIN, 2020<\/strong><\/p>\n\n\n\n<p>Ce jeudi <strong>18.06.2020<\/strong>, heure locale, nous effectuons une importante maintenance sur nos serveurs de stockage \u00e0 Amsterdam, aux Pays-Bas.<\/p>\n\n\n\n<p>Le mat\u00e9riel sera remplac\u00e9 et mis \u00e0 niveau pour am\u00e9liorer les performances. On s&rsquo;attend \u00e0 ce qu&rsquo;il y ait une interruption d&rsquo;une heure maximum. En cas d&rsquo;interruption, vous serez inform\u00e9 par un message.<\/p>\n\n\n\n<p><strong>En outre, certains services devraient \u00eatre indisponibles pendant une \u00e0 deux heures dans l&rsquo;apr\u00e8s-midi.<\/strong><\/p>\n\n\n\n<h3 class=\"wp-block-heading\">Statut de COVID-19.<\/h3>\n\n\n\n<p><strong>20 MARS 2020<\/strong><\/p>\n\n\n\n<p>Comme mentionn\u00e9 dans la section Support externe, il n&rsquo;est actuellement pas possible d&rsquo;ouvrir ou de r\u00e9pondre aux demandes. La raison en est qu&rsquo;un \u00e9tat d&rsquo;urgence a \u00e9t\u00e9 impos\u00e9 en Lituanie. Tous les employ\u00e9s du service de soutien sont des travailleurs invit\u00e9s en Lituanie, ce qui rend impossible la mise en place d&rsquo;un bureau \u00e0 domicile.<\/p>\n\n\n\n<p>Les employ\u00e9s du d\u00e9partement de soutien ont \u00e9t\u00e9 rappel\u00e9s dans leur pays d&rsquo;origine et ont d\u00fb partir en une semaine, car ils n&rsquo;\u00e9taient que temporairement employ\u00e9s.<\/p>\n\n\n\n<p>En raison de l&rsquo;infrastructure du bureau, le support externe n&rsquo;est pas possible pour le moment. En cas d&rsquo;urgence, nous pouvons vous joindre via notre formulaire de contact interne Imprint.<\/p>\n\n\n\n<p>Nous vous remercions de votre compr\u00e9hension.<\/p>\n\n\n\n<h3 class=\"wp-block-heading\">CDN 102, 112 abandons.<\/h3>\n\n\n\n<p><strong>15 MARS, 2020<\/strong><\/p>\n\n\n\n<p>Actuellement www102 et www112 rencontrent des probl\u00e8mes de connectivit\u00e9 sur notre r\u00e9seau. Nous travaillons sur une solution d\u00e8s que possible. Nous vous remercions de votre compr\u00e9hension.<\/p>\n\n\n\n<h3 class=\"wp-block-heading\">Probl\u00e8mes de connectivit\u00e9\/vitesse<\/h3>\n\n\n\n<p><strong>08 MARS, 2020<\/strong><\/p>\n\n\n\n<p>Nous rencontrons actuellement des probl\u00e8mes techniques avec notre nouveau r\u00e9seau. Comme seulement 50% de notre nouveau mat\u00e9riel a \u00e9t\u00e9 livr\u00e9, il a fallu attendre plus d&rsquo;un mois pour que le reste du mat\u00e9riel arrive. Actuellement, nous avons d\u00e9bloqu\u00e9 l&rsquo;ancien r\u00e9seau, ce qui pose des probl\u00e8mes aux utilisateurs allemands. Ce n&rsquo;est qu&rsquo;une solution temporaire jusqu&rsquo;\u00e0 l&rsquo;arriv\u00e9e du nouveau mat\u00e9riel.<\/p>\n\n\n\n<p>Nous vous tiendrons inform\u00e9s jusqu&rsquo;\u00e0 ce que le nouveau r\u00e9seau et le mat\u00e9riel mis \u00e0 niveau soient disponibles cette semaine.<\/p>\n\n\n\n<p>Nous avons re\u00e7u un grand nombre de demandes d&rsquo;assistance et nous avons constat\u00e9 que plus de 80% des demandes ne sont pas n\u00e9cessaires. Notre syst\u00e8me de support \u00e9tant surcharg\u00e9, nous l&rsquo;avons mis en mode maintenance jusqu&rsquo;\u00e0 ce que toutes les demandes soient trait\u00e9es.<\/p>\n\n\n\n<p><strong>Nous vous remercions de votre fid\u00e9lit\u00e9 et vous prions de bien vouloir nous excuser pour ce d\u00e9sagr\u00e9ment.<\/strong><\/p>\n\n\n\n<h3 class=\"wp-block-heading\">Changements dans les fournisseurs de services<\/h3>\n\n\n\n<p><strong>22 JANVIER 2020<\/strong><\/p>\n\n\n\n<p>Afin de respecter les souhaits de nos clients, nous avons d\u00e9cid\u00e9 de changer de prestataire de services dans un avenir proche. Afin que ce changement se fasse en douceur, nous commencerons \u00e0 installer les premiers serveurs dans les prochaines semaines pour vous offrir de meilleurs temps de t\u00e9l\u00e9chargement.<\/p>\n\n\n\n<p><strong>Pourquoi les t\u00e9l\u00e9chargements sont-ils si longs ?<\/strong><br>Tous les utilisateurs ne sont pas concern\u00e9s. Seul un quart des utilisateurs Premium rencontrent des probl\u00e8mes de vitesse de t\u00e9l\u00e9chargement. Dans certains pays et r\u00e9gions, cela est d\u00fb au fait que le r\u00e9seau de peering n&rsquo;est pas connect\u00e9 \u00e0 diff\u00e9rents op\u00e9rateurs. Un bon exemple est Deutsche Telekom, qui facture des frais horribles pour son r\u00e9seau de peering. Parfois, ils facturent jusqu&rsquo;\u00e0 huit fois plus que les autres fournisseurs. Nos fournisseurs ne veulent tout simplement pas payer ces prix, car ils ne sont pas rentables.<\/p>\n\n\n\n<p>Nous avons donc trouv\u00e9 un nouveau fournisseur et nous r\u00e9glerons ce probl\u00e8me sous peu. Nous nous excusons pour les d\u00e9sagr\u00e9ments caus\u00e9s.<\/p>\n\n\n\n<h3 class=\"wp-block-heading\">CDN 59 dropouts et temps de chargement lents.<\/h3>\n\n\n\n<p><strong>20 JANVIER 2020<\/strong><\/p>\n\n\n\n<p>Le serveur cdn59 conna\u00eet actuellement des dropouts et des probl\u00e8mes techniques qui ralentissent les temps de t\u00e9l\u00e9chargement et r\u00e9duisent les vitesses de t\u00e9l\u00e9chargement de 20 kb \u00e0 50 kb.<\/p>\n\n\n\n<p>Nous travaillons \u00e0 la r\u00e9solution de ce probl\u00e8me. Nous nous excusons pour la g\u00eane occasionn\u00e9e.<\/p>\n\n\n\n<h3 class=\"wp-block-heading\">Appel \u00e0 la collaboration pour tester la bande passante.<\/h3>\n\n\n\n<p><strong>14 JANVIER 2020<\/strong><\/p>\n\n\n\n<p>Veuillez nous aider \u00e0 tester notre nouveau serveur. Veuillez nous indiquer votre vitesse de t\u00e9l\u00e9chargement, votre emplacement et la bande passante de votre connexion r\u00e9seau dans les commentaires.<\/p>\n\n\n\n<p><strong>Des plaintes concernant les tests ?<\/strong><br>La plupart des vitesses sont satisfaisantes, mais il y a des moments (1-3 heures en semaine, plus le week-end) o\u00f9 les performances de notre fournisseur d&rsquo;acc\u00e8s baissent de mani\u00e8re significative. Nous surveillerons la situation et si le probl\u00e8me n&rsquo;est pas r\u00e9solu dans un avenir proche, nous chercherons un autre fournisseur.<\/p>\n\n\n\n<h3 class=\"wp-block-heading\">Peut \u00eatre temporairement indisponible.<\/h3>\n\n\n\n<p><strong>15 D\u00c9CEMBRE 2019<\/strong><\/p>\n\n\n\n<p>La maintenance de la base de donn\u00e9es est pr\u00e9vue pour cette semaine. En semaine 51, le site web sera en mode maintenance pendant quelques heures pour \u00e9viter toute perte de donn\u00e9es. Nous vous remercions de votre compr\u00e9hension.<\/p>\n\n\n\n<p>En semaine 51, nous augmenterons le d\u00e9bit r\u00e9seau disponible par rack afin d&rsquo;am\u00e9liorer encore les vitesses de t\u00e9l\u00e9chargement pendant les heures de pointe &#8211; cette fois sans aucune interruption de service. La vitesse est avec vous !<\/p>\n\n\n\n<h3 class=\"wp-block-heading\">Paysafecard et Paypal<\/h3>\n\n\n\n<p><strong>20 NOVEMBRE 2019<\/strong><\/p>\n\n\n\n<p>Nous avons re\u00e7u \u00e0 diverses occasions un certain nombre de courriels relatifs aux m\u00e9thodes de paiement. Nous avons \u00e9galement pris en compte vos emails et les avons pr\u00e9sent\u00e9s ici.<\/p>\n\n\n\n<p>Cette semaine, la carte de cr\u00e9dit a \u00e9t\u00e9 introduite comme mode de paiement direct. Et Paysafecard et Paypal seront bient\u00f4t introduits. Je ne peux pas encore vous parler des frais, mais je peux vous assurer qu&rsquo;il n&rsquo;y aura plus de revendeurs Paysafecard et Paypal. Cependant, les revendeurs Paysafecard et Paypal ne dispara\u00eetront pas pour autant.<\/p>\n\n\n\n<p>Nous vous tiendrons au courant des derni\u00e8res informations.<\/p>\n\n\n\n<h3 class=\"wp-block-heading\">Avis de maintenance DDL<\/h3>\n\n\n\n<p><strong>27 OCTOBRE 2019<\/strong><\/p>\n\n\n\n<p>Comme certains d&rsquo;entre vous ont pu le remarquer, certains serveurs premium sont \u00e0 pleine capacit\u00e9. Pour permettre des t\u00e9l\u00e9chargements fluides, nous allons mettre \u00e0 niveau ces serveurs.<\/p>\n\n\n\n<p>Les mises \u00e0 jour suivantes sont en cours de r\u00e9alisation :<\/p>\n\n\n\n<ul class=\"wp-block-list\"><li>Les banni\u00e8res publicitaires seront bient\u00f4t disponibles.<\/li><li>Un tout nouveau design de DDL sera disponible.<\/li><li>De nouveaux serveurs seront introduits.<\/li><li>Le syst\u00e8me de paiement \u00e0 la vente sera \u00e9tendu.<\/li><li>Les options de paiement seront \u00e9tendues.<\/li><\/ul>\n\n\n\n<p>Vous pouvez nous contacter par e-mail \u00e0 tout moment. Nous r\u00e9pondons g\u00e9n\u00e9ralement dans les 24 heures, au maximum dans les 48 heures. Nous vous tiendrons au courant des derni\u00e8res informations.<\/p>\n\n\n<a class=\"maxbutton-1 maxbutton\" target=\"_blank\" rel=\"nofollow noopener\" href=\"\/go\/\"><span class='mb-text'>&gt;&gt; Allez sur le site officiel ddownload.com<\/span><\/a>\n\n\n<p><\/p>\n","protected":false},"excerpt":{"rendered":"<p>Foire aux questions Mis \u00e0 jour le: 09.03.2022 \u00c9TAIT IL T\u00c9L\u00c9CHARG\u00c9 ? ddownload est un fournisseur d&rsquo;h\u00e9bergement de fichiers. Nous offrons une capacit\u00e9 de stockage en ligne\/sauvegarde \u00e0 distance, ainsi [&hellip;]<\/p>\n","protected":false},"author":7,"featured_media":0,"parent":0,"menu_order":0,"comment_status":"closed","ping_status":"closed","template":"template-fullwidth.php","meta":{"footnotes":""},"class_list":["post-304","page","type-page","status-publish","hentry"],"_links":{"self":[{"href":"https:\/\/ddownload.com.de\/fr\/wp-json\/wp\/v2\/pages\/304","targetHints":{"allow":["GET"]}}],"collection":[{"href":"https:\/\/ddownload.com.de\/fr\/wp-json\/wp\/v2\/pages"}],"about":[{"href":"https:\/\/ddownload.com.de\/fr\/wp-json\/wp\/v2\/types\/page"}],"author":[{"embeddable":true,"href":"https:\/\/ddownload.com.de\/fr\/wp-json\/wp\/v2\/users\/7"}],"replies":[{"embeddable":true,"href":"https:\/\/ddownload.com.de\/fr\/wp-json\/wp\/v2\/comments?post=304"}],"version-history":[{"count":11,"href":"https:\/\/ddownload.com.de\/fr\/wp-json\/wp\/v2\/pages\/304\/revisions"}],"predecessor-version":[{"id":659,"href":"https:\/\/ddownload.com.de\/fr\/wp-json\/wp\/v2\/pages\/304\/revisions\/659"}],"wp:attachment":[{"href":"https:\/\/ddownload.com.de\/fr\/wp-json\/wp\/v2\/media?parent=304"}],"curies":[{"name":"wp","href":"https:\/\/api.w.org\/{rel}","templated":true}]}}