{"id":556,"date":"2021-11-08T12:09:23","date_gmt":"2021-11-08T12:09:23","guid":{"rendered":"https:\/\/ddownload.com.de\/privacy-policy\/"},"modified":"2021-11-09T15:53:17","modified_gmt":"2021-11-09T15:53:17","slug":"privacy-policy","status":"publish","type":"page","link":"https:\/\/ddownload.com.de\/es\/privacy-policy\/","title":{"rendered":"Pol\u00edtica de privacidad"},"content":{"rendered":"\n<h2 class=\"wp-block-heading\">Que somos<\/h2>\n\n\n\n<p>La direcci\u00f3n de nuestro sitio es<a href=\"http:\/\/ddownload.com.de\" target=\"_blank\" rel=\"noreferrer noopener\"> http:\/\/ddownload.com.de<\/a>.<\/p>\n\n\n\n\n\n\n\n<h2 class=\"wp-block-heading\">Qu\u00e9 informaci\u00f3n personal recogemos y por qu\u00e9 lo hacemos<\/h2>\n\n\n\n<h3 class=\"wp-block-heading\">Observaciones<\/h3>\n\n\n\n<p>Cuando los visitantes salen a discutir el sitio web, acumulamos los datos mostrados en los comentarios que se desarrollan, y tambi\u00e9n la direcci\u00f3n IP del visitante del sitio y tambi\u00e9n la cadena de agente cliente del navegador de Internet para ayudar a la detecci\u00f3n de spam.<\/p>\n\n\n\n<p>Una cadena an\u00f3nima creada a partir de su direcci\u00f3n de correo electr\u00f3nico (tambi\u00e9n llamada hash) puede ser entregada a la soluci\u00f3n Gravatar para ver si la est\u00e1 utilizando. El plan de privacidad personal de la soluci\u00f3n Gravatar est\u00e1 disponible aqu\u00ed: https:\/\/automattic.com\/privacy\/. Despu\u00e9s de la autorizaci\u00f3n de su comentario, la foto de su cuenta se muestra al p\u00fablico en el contexto de su comentario.<\/p>\n\n\n\n<p>Medios de comunicaci\u00f3n<br>Si subes fotos al sitio, debes evitar publicar im\u00e1genes con datos de lugar incrustados (EXIF GENERAL PRACTITIONER) incluidos. Los visitantes del sitio web pueden descargar e instalar as\u00ed como eliminar cualquier tipo de datos de lugar de las im\u00e1genes en el sitio web.<\/p>\n\n\n\n<h2 class=\"wp-block-heading\">Formularios de llamada<\/h2>\n\n\n\n<h3 class=\"wp-block-heading\">Cookies<\/h3>\n\n\n\n<p>Si deja un comentario en nuestro sitio web, puede optar por conservar su nombre, direcci\u00f3n de correo electr\u00f3nico y el sitio en las cookies. Esto es para su comodidad, para que no tenga que volver a rellenar sus datos cuando deje otro comentario. Estas cookies tienen una duraci\u00f3n de un a\u00f1o.<\/p>\n\n\n\n<p>Si ve nuestra p\u00e1gina web de inicio de sesi\u00f3n, estableceremos una cookie temporal para determinar si su navegador de Internet aprueba las cookies. Esta cookie no incluye datos individuales y se descarta cuando usted cierra su navegador de Internet.<\/p>\n\n\n\n<p>Cuando nos visite, tambi\u00e9n estableceremos una serie de cookies para conservar su informaci\u00f3n de inicio de sesi\u00f3n y sus opciones de visualizaci\u00f3n en pantalla. Las cookies de inicio de sesi\u00f3n duran 2 d\u00edas, as\u00ed como las cookies de opciones de visualizaci\u00f3n, duran un a\u00f1o. Si eliges \u00abRecu\u00e9rdame\u00bb, tu inicio de sesi\u00f3n persistir\u00e1 durante 2 semanas. Si cierra la sesi\u00f3n de su cuenta, las cookies de inicio de sesi\u00f3n se eliminar\u00e1n.<\/p>\n\n\n\n<p>Si modifica o publica un art\u00edculo, se conservar\u00e1 una cookie adicional en su navegador. Esta cookie no incluye ninguna informaci\u00f3n personal y s\u00f3lo sugiere el ID del art\u00edculo que acaba de modificar. Se agota despu\u00e9s de 1 d\u00eda.<\/p>\n\n\n\n<h2 class=\"wp-block-heading\">Material incrustado de otros sitios web<\/h2>\n\n\n\n<p>Los art\u00edculos de este sitio pueden incluir contenido incrustado (por ejemplo, videoclips, im\u00e1genes, escritos, etc.). El contenido web instalado de otros sitios act\u00faa de la misma manera que si el visitante del sitio hubiera visitado los otros sitios.<\/p>\n\n\n\n<p>Estos sitios de Internet pueden recopilar datos sobre usted, utilizar cookies, instalar un sistema de seguimiento de terceros y supervisar su comunicaci\u00f3n con el contenido web integrado, que consiste en el seguimiento de su comunicaci\u00f3n con el contenido web integrado si tiene una cuenta y visita ese sitio web.<\/p>\n\n\n\n<h2 class=\"wp-block-heading\">An\u00e1lisis<\/h2>\n\n\n\n<h3 class=\"wp-block-heading\">Con qui\u00e9n compartimos sus datos<\/h3>\n\n\n\n<h3 class=\"wp-block-heading\">Cu\u00e1nto tiempo conservamos su informaci\u00f3n<\/h3>\n\n\n\n<p>Si dejas un comentario, el comentario y sus metadatos se mantienen para siempre. Esto es para que podamos reconocer y aceptar cualquier comentario de seguimiento al instante en lugar de mantenerlos en una peque\u00f1a l\u00ednea de cantidad.<\/p>\n\n\n\n<p>En el caso de los usuarios que se registran en nuestro sitio web (si los hay), tambi\u00e9n guardamos la informaci\u00f3n individual que proporcionan en su cuenta de cliente. Todos los clientes pueden ver, modificar o eliminar sus datos individuales en cualquier momento (excepto que no pueden transformar su nombre de usuario). Los administradores del sitio web tambi\u00e9n pueden ver y modificar esos datos.<\/p>\n\n\n\n<h3 class=\"wp-block-heading\">Qu\u00e9 derechos tiene m\u00e1s que su informaci\u00f3n<\/h3>\n\n\n\n<p>Si tiene una cuenta en este sitio o ha dejado comentarios, puede solicitar que le enviemos documentos exportados de los datos individuales que tenemos sobre usted, incluyendo los datos que nos haya facilitado. Tambi\u00e9n puede solicitar que borremos cualquier tipo de datos personales que tengamos sobre usted. Esto no incluye ninguna informaci\u00f3n que debamos mantener para funciones de gesti\u00f3n, legales o de seguridad.<\/p>\n\n\n\n<h3 class=\"wp-block-heading\">D\u00f3nde enviamos su informaci\u00f3n<\/h3>\n\n\n\n<p>Los comentarios de los visitantes del sitio pueden ser inspeccionados a trav\u00e9s de un servicio automatizado de detecci\u00f3n de spam.<\/p>\n\n\n\n<h3 class=\"wp-block-heading\">Sus datos de contacto<\/h3>\n\n\n\n<h3 class=\"wp-block-heading\">Informaci\u00f3n adicional<\/h3>\n\n\n\n<h3 class=\"wp-block-heading\">C\u00f3mo protegemos sus datos<\/h3>\n\n\n\n<h3 class=\"wp-block-heading\">Qu\u00e9 procedimientos de violaci\u00f3n de datos tenemos en el \u00e1rea<\/h3>\n\n\n\n<h3 class=\"wp-block-heading\">De qu\u00e9 terceros obtenemos informaci\u00f3n<\/h3>\n\n\n\n<h3 class=\"wp-block-heading\">Qu\u00e9 elecci\u00f3n autom\u00e1tica y\/o elaboraci\u00f3n de perfiles terminamos con la informaci\u00f3n del usuario<\/h3>\n\n\n\n<h3 class=\"wp-block-heading\">Exigencias reglamentarias del sector en materia de divulgaci\u00f3n<\/h3>\n","protected":false},"excerpt":{"rendered":"<p>Que somos La direcci\u00f3n de nuestro sitio es http:\/\/ddownload.com.de. Qu\u00e9 informaci\u00f3n personal recogemos y por qu\u00e9 lo hacemos Observaciones Cuando los visitantes salen a discutir el sitio web, acumulamos los [&hellip;]<\/p>\n","protected":false},"author":7,"featured_media":0,"parent":0,"menu_order":0,"comment_status":"closed","ping_status":"closed","template":"","meta":{"footnotes":""},"class_list":["post-556","page","type-page","status-publish","hentry"],"_links":{"self":[{"href":"https:\/\/ddownload.com.de\/es\/wp-json\/wp\/v2\/pages\/556","targetHints":{"allow":["GET"]}}],"collection":[{"href":"https:\/\/ddownload.com.de\/es\/wp-json\/wp\/v2\/pages"}],"about":[{"href":"https:\/\/ddownload.com.de\/es\/wp-json\/wp\/v2\/types\/page"}],"author":[{"embeddable":true,"href":"https:\/\/ddownload.com.de\/es\/wp-json\/wp\/v2\/users\/7"}],"replies":[{"embeddable":true,"href":"https:\/\/ddownload.com.de\/es\/wp-json\/wp\/v2\/comments?post=556"}],"version-history":[{"count":1,"href":"https:\/\/ddownload.com.de\/es\/wp-json\/wp\/v2\/pages\/556\/revisions"}],"predecessor-version":[{"id":566,"href":"https:\/\/ddownload.com.de\/es\/wp-json\/wp\/v2\/pages\/556\/revisions\/566"}],"wp:attachment":[{"href":"https:\/\/ddownload.com.de\/es\/wp-json\/wp\/v2\/media?parent=556"}],"curies":[{"name":"wp","href":"https:\/\/api.w.org\/{rel}","templated":true}]}}