{"id":528,"date":"2021-11-08T11:47:34","date_gmt":"2021-11-08T11:47:34","guid":{"rendered":"https:\/\/ddownload.com.de\/faq\/"},"modified":"2021-11-09T14:38:36","modified_gmt":"2021-11-09T14:38:36","slug":"faq","status":"publish","type":"page","link":"https:\/\/ddownload.com.de\/es\/faq\/","title":{"rendered":"Ddownload FAQ"},"content":{"rendered":"\n<h3 class=\"wp-block-heading\">\u00bfQU\u00c9 ES DDOWNLOAD.COM?<\/h3>\n\n\n\n<p><a href=\"https:\/\/ddownload.com.de\/\" target=\"_blank\" rel=\"noreferrer noopener\"><strong>Ddownload.com<\/strong><\/a> es una empresa de almacenamiento de datos. Proporciona en Internet capacidad de almacenamiento\/respaldo remoto, presentaci\u00f3n sofisticada as\u00ed como dispositivos de descarga.<br>Con ddownload.com puede alojar datos, fotos, v\u00eddeos, sonido y flash en el mismo lugar.<\/p>\n\n\n\n\n\n\n\n<h3 class=\"wp-block-heading\">\u00bfPOR QU\u00c9 DDOWNLOAD.COM?<\/h3>\n\n\n\n<p>Siempre que necesite enviar un dato demasiado grande para el correo electr\u00f3nico, ddownload.com puede ayudarle. Si necesita una capacidad de espacio de almacenamiento remoto seguro para realizar copias de seguridad fuera de las instalaciones, ddownload.com utiliza soluciones para usted. Si tiene la intenci\u00f3n de acceder a la informaci\u00f3n personal de una variedad de sistemas inform\u00e1ticos y tambi\u00e9n no tienen la intenci\u00f3n de llevar alrededor de una memoria USB, ddownload.com es una excelente manera de hacerlo.<\/p>\n\n\n\n<h3 class=\"wp-block-heading\">\u00bfBUSCANDO DOCUMENTOS DE OTROS INDIVIDUOS CARGADOS?<\/h3>\n\n\n\n<p>No, porque no todo el mundo desea compartir los documentos que publica con todos los dem\u00e1s. Esto significa que ddownload.com se puede utilizar para compartir archivos con cualquier persona que elija, as\u00ed como mantenerlo por su cuenta como una copia de seguridad o para descargar e instalar de todo el mundo.<\/p>\n\n\n\n<h3 class=\"wp-block-heading\">\u00bfQU\u00c9 TIPO DE REGISTRO SE PUEDE CARGAR?<\/h3>\n\n\n\n<p>De todo tipo: desde las im\u00e1genes de tu fiesta hasta un registro vital. Las \u00fanicas restricciones son para la pornograf\u00eda, la desnudez, las im\u00e1genes sexuales, as\u00ed como cualquier tipo de producto ofensivo y, por supuesto, el material con derechos de autor.<br>Por favor, consulte nuestras condiciones de servicio para obtener m\u00e1s informaci\u00f3n sobre las condiciones de servicio de ddownload.com.<\/p>\n\n\n\n<h3 class=\"wp-block-heading\">\u00bfC\u00d3MO ELIMINAR UN DOCUMENTO QUE HE PUBLICADO?<\/h3>\n\n\n\n<p>Para eliminar un archivo que has publicado tienes que utilizar el enlace web de eliminaci\u00f3n que se te proporcion\u00f3 despu\u00e9s del proceso de carga.<br>Si ha perdido el c\u00f3digo de eliminaci\u00f3n, puede esperar hasta que el archivo caduque para que se elimine autom\u00e1ticamente de nuestro sitio web.<\/p>\n\n\n\n<h3 class=\"wp-block-heading\">\u00bfPUEDO HACER UN HOTLINK DEL MATERIAL QUE PUBLICO?<\/h3>\n\n\n\n<p>No. El hotlinking no est\u00e1 permitido en ning\u00fan tipo de archivo subido a nuestros servidores.<\/p>\n\n\n\n<h3 class=\"wp-block-heading\">\u00bfHAY UNA API?<\/h3>\n\n\n\n<p>S\u00ed, puede obtener los par\u00e1metros desde aqu\u00ed<\/p>\n","protected":false},"excerpt":{"rendered":"<p>\u00bfQU\u00c9 ES DDOWNLOAD.COM? Ddownload.com es una empresa de almacenamiento de datos. Proporciona en Internet capacidad de almacenamiento\/respaldo remoto, presentaci\u00f3n sofisticada as\u00ed como dispositivos de descarga.Con ddownload.com puede alojar datos, fotos, [&hellip;]<\/p>\n","protected":false},"author":7,"featured_media":0,"parent":0,"menu_order":0,"comment_status":"closed","ping_status":"closed","template":"template-fullwidth.php","meta":{"footnotes":""},"class_list":["post-528","page","type-page","status-publish","hentry"],"_links":{"self":[{"href":"https:\/\/ddownload.com.de\/es\/wp-json\/wp\/v2\/pages\/528","targetHints":{"allow":["GET"]}}],"collection":[{"href":"https:\/\/ddownload.com.de\/es\/wp-json\/wp\/v2\/pages"}],"about":[{"href":"https:\/\/ddownload.com.de\/es\/wp-json\/wp\/v2\/types\/page"}],"author":[{"embeddable":true,"href":"https:\/\/ddownload.com.de\/es\/wp-json\/wp\/v2\/users\/7"}],"replies":[{"embeddable":true,"href":"https:\/\/ddownload.com.de\/es\/wp-json\/wp\/v2\/comments?post=528"}],"version-history":[{"count":2,"href":"https:\/\/ddownload.com.de\/es\/wp-json\/wp\/v2\/pages\/528\/revisions"}],"predecessor-version":[{"id":539,"href":"https:\/\/ddownload.com.de\/es\/wp-json\/wp\/v2\/pages\/528\/revisions\/539"}],"wp:attachment":[{"href":"https:\/\/ddownload.com.de\/es\/wp-json\/wp\/v2\/media?parent=528"}],"curies":[{"name":"wp","href":"https:\/\/api.w.org\/{rel}","templated":true}]}}