{"id":305,"date":"2020-10-28T20:04:34","date_gmt":"2020-10-28T20:04:34","guid":{"rendered":"https:\/\/ddownload.com.de\/?page_id=305"},"modified":"2022-03-09T15:54:43","modified_gmt":"2022-03-09T15:54:43","slug":"ddownload-subir-y-compartir-tus-archivos","status":"publish","type":"page","link":"https:\/\/ddownload.com.de\/es\/","title":{"rendered":"Ddownload &#8211; subir y compartir tus archivos"},"content":{"rendered":"\n<h2 class=\"wp-block-heading\">Preguntas frecuentes<\/h2>\n\n\n<a class=\"maxbutton-1 maxbutton\" target=\"_blank\" rel=\"nofollow noopener\" href=\"\/go\/\"><span class='mb-text'>&gt;&gt; Ir a la p\u00e1gina web oficial de ddownload.com<\/span><\/a>\n\n\n<p> <strong>Actualizado el:  <strong>09.03.2022<\/strong><\/strong> <\/p>\n\n\n\n<h3 class=\"wp-block-heading\">\u00bfFUE UNA DDOWNLOAD DE IST?<\/h3>\n\n\n\n<p>ddownload es un proveedor de alojamiento de archivos. Ofrecemos capacidad de almacenamiento en l\u00ednea\/respaldo remoto, herramientas avanzadas de carga y ddownload.<br>Con ddownload puedes alojar archivos, im\u00e1genes, videos, audio y flash en el mismo lugar.<\/p>\n\n\n\n<h3 class=\"wp-block-heading\">\u00bfPOR QU\u00c9 DEBER\u00cdA USAR DDOWNLOAD?<\/h3>\n\n\n\n<p>Siempre que necesites enviar un archivo demasiado grande para el correo electr\u00f3nico, ddownload puede ayudar. Si necesita capacidad de almacenamiento remoto seguro para copias de seguridad fuera del sitio, ddownload ofrece soluciones para usted. Si quieres acceder a los datos personales de diferentes ordenadores y no quieres llevar un l\u00e1piz USB contigo, ddownload es una forma perfecta de hacerlo.<\/p>\n\n\n\n<h3 class=\"wp-block-heading\">\u00bfPUEDO BUSCAR ARCHIVOS SUBIDOS POR OTRAS PERSONAS?<\/h3>\n\n\n\n<p>No, porque no todo el mundo quiere compartir los archivos que suben con otros. De esta forma, ddownload puede utilizarse para compartir archivos con cualquier usuario, pero tambi\u00e9n para guardarlos para usted como copia de seguridad o para descargarlos desde cualquier parte del mundo.<\/p>\n\n\n\n<h3 class=\"wp-block-heading\">\u00bfQU\u00c9 TIPO DE ARCHIVOS SE PUEDEN SUBIR?<\/h3>\n\n\n\n<p>De todo tipo: desde las fotos de tu fiesta hasta un documento importante. Las \u00fanicas restricciones se aplican a la pornograf\u00eda, la desnudez, las im\u00e1genes sexuales y cualquier tipo de material ofensivo, y por supuesto al material con derechos de autor.<br>Para m\u00e1s informaci\u00f3n sobre los t\u00e9rminos de uso de ddownload por favor vea nuestro TOS.<\/p>\n\n\n\n<h3 class=\"wp-block-heading\">\u00bfC\u00d3MO BORRO UN ARCHIVO QUE HE SUBIDO?<\/h3>\n\n\n\n<p>Para eliminar un archivo que haya subido, debe utilizar el enlace de eliminaci\u00f3n que se proporciona despu\u00e9s del proceso de subida.<br>Si ha perdido su c\u00f3digo de borrado, puede esperar hasta que el archivo expire para que sea eliminado autom\u00e1ticamente de nuestro sitio web.<\/p>\n\n\n\n<h3 class=\"wp-block-heading\">\u00bfPUEDO HACER UN HOTLINK CON LOS ARCHIVOS QUE SUBO?<\/h3>\n\n\n\n<p>No. No se permite el hotlinking para ning\u00fan tipo de archivos que se suban a nuestros servidores.<\/p>\n\n\n\n<h3 class=\"wp-block-heading\">TODAV\u00cdA TENGO QUE PREGUNTAR, \u00bfQU\u00c9 DEBO HACER?<\/h3>\n\n\n\n<p>Si tiene alguna pregunta sobre nuestros servicios, no dude en contactarnos a trav\u00e9s de nuestro formulario de contacto.<\/p>\n\n\n<a class=\"maxbutton-1 maxbutton\" target=\"_blank\" rel=\"nofollow noopener\" href=\"\/go\/\"><span class='mb-text'>&gt;&gt; Ir a la p\u00e1gina web oficial de ddownload.com<\/span><\/a>\n\n\n<h2 class=\"wp-block-heading\">Ddownload Precios<\/h2>\n\n\n\n<figure class=\"wp-block-image is-resized\"><img loading=\"lazy\" decoding=\"async\" src=\"https:\/\/ddownload.com.de\/wp-content\/uploads\/2020\/07\/ddownload-preise-1024x485.png\" alt=\"ddownload preise\" width=\"640\" height=\"302\"\/><\/figure>\n\n\n\n<figure class=\"wp-block-table\"><table><tbody><tr><td><strong>Duraci\u00f3n<\/strong><\/td><td><strong>Precio<\/strong><\/td><td><strong>Precio por mes<\/strong><\/td><\/tr><tr><td>1 Monat<\/td><td>10\u20ac<\/td><td>10\u20ac<\/td><\/tr><tr><td>6 Monate<\/td><td>40\u20ac<\/td><td>6,67\u20ac<\/td><\/tr><tr><td>12 Monate<\/td><td>50\u20ac*<\/td><td>4,11\u20ac<\/td><\/tr><\/tbody><\/table><figcaption>*60% Rabatt<\/figcaption><\/figure>\n\n\n\n<h2 class=\"wp-block-heading\">\u00daltimas noticias<\/h2>\n\n\n\n<h3 class=\"wp-block-heading\">Mantenimiento de emergencia planificado: el router central AMS-01<\/h3>\n\n\n\n<p><strong>02 DE NOVIEMBRE DE 2021<\/strong><\/p>\n\n\n\n<p>Como parte de nuestros esfuerzos para mejorar continuamente los niveles de servicio, nos gustar\u00eda informarle sobre un mantenimiento de emergencia que tendr\u00e1 lugar el 04 de noviembre de 2021.<\/p>\n\n\n\n<p>Uno de los routers centrales del centro de datos AMS-01 en los Pa\u00edses Bajos corregir\u00e1 el aumento del uso de la memoria del motor de enrutamiento de reserva.<\/p>\n\n\n\n<p><strong>\u00bfCu\u00e1ndo tendr\u00e1 lugar el mantenimiento?<\/strong><br><strong>Fecha:<\/strong> 04 de noviembre de 2021<br><strong>Hora:<\/strong> 01:00 UTC+01:00 &#8211; 06:00 UTC+01:00<\/p>\n\n\n\n<p>Una vez finalizado el mantenimiento de emergencia, se supervisar\u00e1 la red para garantizar su funcionamiento normal.<\/p>\n\n\n\n<h3 class=\"wp-block-heading\">Descargar los cambios en las recompensas<\/h3>\n\n\n\n<p><strong>18 DE FEBRERO DE 2021<\/strong><\/p>\n\n\n\n<p>Estimado usuario,<\/p>\n\n\n\n<p>Debido al gran abuso de las descargas gratuitas, se ha decidido cambiar a las descargas premium a partir del viernes 19 de febrero de 2021.<\/p>\n\n\n\n<p>Esto significa que s\u00f3lo se recompensar\u00e1n las descargas de los usuarios premium. No habr\u00e1 m\u00e1s descargas gratuitas. Tenemos un volumen de bots muy alto que muchos usuarios afiliados aprovechan para ganar dinero. Por lo tanto, tenemos que tomar estas medidas para cubrir nuestros costes en la medida de lo posible.<\/p>\n\n\n\n<p>Por esta raz\u00f3n, en la pr\u00f3xima semana cambiaremos nuestra l\u00f3gica para recompensar las ventas para asegurarnos de que todas las ventas de VPN se pagar\u00e1n correctamente en el futuro sin ser marcadas como fraudulentas. Por lo tanto, sus posibilidades de obtener ingresos con Pay-Per-Sale son mucho mayores de lo habitual.<\/p>\n\n\n\n<p>Gracias por su comprensi\u00f3n.<\/p>\n\n\n\n<h3 class=\"wp-block-heading\">Aumento del pago m\u00ednimo a 50 euros<\/h3>\n\n\n\n<p><strong>17 DE FEBRERO DE 2021<\/strong><\/p>\n\n\n\n<p><strong>Debido a las altas comisiones de Bitcoin, el pago m\u00ednimo se ha incrementado de 10 EUR a 50 EUR. Hemos tenido que tomar esta medida temporalmente porque el 90% de nuestros socios de Bitcoin son socios de Bitcoin.<\/strong><\/p>\n\n\n\n<p>Los pagos se realizan en conexi\u00f3n con redes m\u00e1s grandes. Por cada transacci\u00f3n, la empresa pagadora cobra una comisi\u00f3n de 3 a 5 euros, y nosotros mismos tambi\u00e9n pagamos muy a menudo una comisi\u00f3n por los bitcoins que aceptamos.<\/p>\n\n\n\n<p>Actualmente, las comisiones son tan elevadas que nos vemos obligados a tomar esta medida para evitar los altos costes.<\/p>\n\n\n\n<h3 class=\"wp-block-heading\">Deficiencias de velocidad en diciembre de 2020.<\/h3>\n\n\n\n<p><strong>10 DE DICIEMBRE DE 2020<\/strong><\/p>\n\n\n\n<p>Estimados usuarios,<\/p>\n\n\n\n<p>La situaci\u00f3n en Corona ha sido relativamente dif\u00edcil para nosotros este a\u00f1o. Ya en marzo y abril de este a\u00f1o hubo importantes interrupciones en nuestra red, y ahora de nuevo en diciembre de 2020, cuando se tomaron todas las medidas de cierre en varios pa\u00edses.<\/p>\n\n\n\n<p>Actualmente estamos estrangulando la velocidad de descarga por archivo para limitar la velocidad de descarga y mantener toda la red del cl\u00faster lo m\u00e1s estable posible.<\/p>\n\n\n\n<p>Con miles de usuarios activos en la actualidad, algunos servidores siguen alcanzando sus l\u00edmites de velocidad.<\/p>\n\n\n\n<p><strong>Esperamos su comprensi\u00f3n y esperamos mantenerle como cliente. Si desea un reembolso por estos problemas, por favor cree un ticket de soporte para recibir su reembolso.<\/strong><\/p>\n\n\n\n<h3 class=\"wp-block-heading\">Trabajos de mantenimiento en la red NL2.<\/h3>\n\n\n\n<p><strong>24 DE SEPTIEMBRE DE 2020<\/strong><\/p>\n\n\n\n<p>Estimados usuarios,<\/p>\n\n\n\n<p>El lunes 28.09.2020, hora de \u00c1msterdam UTC+2, se realizar\u00e1n trabajos de mantenimiento ma\u00f1ana por la ma\u00f1ana. Este trabajo de mantenimiento puede provocar que el sitio web est\u00e9 restringido o sea inaccesible durante unas horas.<\/p>\n\n\n\n<p>Despu\u00e9s de los trabajos de mantenimiento, el sitio web volver\u00e1 a funcionar como de costumbre.<\/p>\n\n\n\n<h3 class=\"wp-block-heading\">Trabajos de mantenimiento en la red GLNL\/2.<\/h3>\n\n\n\n<p><strong>15 DE SEPTIEMBRE DE 2020<\/strong><\/p>\n\n\n\n<p>El mantenimiento urgente est\u00e1 previsto para el 15 de septiembre de 2020. Puede haber algunas restricciones en los servicios.<\/p>\n\n\n\n<p><strong>Los servicios afectados est\u00e1n dentro de la red GLNL\/2 a UCDN desde www500 a www550. Los servicios pueden estar sujetos a restricciones de velocidad.<\/strong><\/p>\n\n\n\n<h3 class=\"wp-block-heading\">El cambio a la moneda euro<\/h3>\n\n\n\n<p><strong>16 JULIO,2020<\/strong><\/p>\n\n\n\n<p>Estimados usuarios de DDownload.<\/p>\n\n\n\n<p>Por razones econ\u00f3micas y despu\u00e9s de dos meses de pruebas y discusiones en el equipo de Unlimited Network Limited, hemos decidido cambiar nuestros precios de USD a EUR.<\/p>\n\n\n\n<p><strong>\u00bfPor qu\u00e9 hemos tomado esta decisi\u00f3n?<\/strong><br>Esta decisi\u00f3n fue tomada debido a una serie de cuestiones e incertidumbres relacionadas con los m\u00e9todos de pago, el pago, razones econ\u00f3micas y de infraestructura.<\/p>\n\n\n\n<p>Casi el 40% de nuestra infraestructura est\u00e1 conectada, en algunos casos ya en la actualidad, a redes con buenas conexiones con Asia. Por lo tanto, la conexi\u00f3n para los usuarios de Europa, especialmente de Alemania, todav\u00eda no est\u00e1 garantizada al 100%, como algunos pueden pensar. Nuestro servicio existe desde hace m\u00e1s de cuatro a\u00f1os, y lo hemos creado y desarrollado en Asia. En el primer trimestre del a\u00f1o pasado, el 70% de nuestros usuarios estaban en Asia. Nuestras inversiones se centraron en Asia, y nuestro negocio principal era solo el n\u00famero de usuarios.<\/p>\n\n\n\n<p>Luego, a finales de 2019, hubo un boom desde Europa y la situaci\u00f3n cambi\u00f3. El n\u00famero de usuarios aument\u00f3 casi un 70% y tuvimos que actualizar nuestra infraestructura. La actualizamos cada mes.<\/p>\n\n\n\n<p>Sin embargo, la infraestructura de DDownload a\u00fan no est\u00e1 lista al 100%. Para que funcione, tuvimos que cambiar nuestra moneda de d\u00f3lares a euros. La diferencia de precio entre el euro y el d\u00f3lar es casi insignificante, lo que provoca una ligera inflaci\u00f3n.<\/p>\n\n\n\n<p>Esta decisi\u00f3n nos ha permitido ampliar nuestra infraestructura y ofrecer un servicio que satisfaga a nuestros clientes durante a\u00f1os.<\/p>\n\n\n\n<p><strong>\u00bfQu\u00e9 pasar\u00e1 con los pagos?<\/strong><br>Los pagos en criptomoneda continuar\u00e1n. Con este cambio, ganar\u00e1s m\u00e1s que antes. Adem\u00e1s, la cantidad de pago actual le dar\u00e1 una peque\u00f1a prima por la conversi\u00f3n de moneda.<\/p>\n\n\n\n<p>En caso de problemas con el servidor o fluctuaciones de velocidad, por favor visite el centro de soporte antes de escribir un ticket support.ddownload.com.<\/p>\n\n\n\n<p>El centro de soporte proporciona principalmente informaci\u00f3n sobre cuestiones t\u00e9cnicas.<\/p>\n\n\n\n<h3 class=\"wp-block-heading\">Trabajos de mantenimiento en la red GLNL.<\/h3>\n\n\n\n<p><strong>27 DE JUNIO DE 2020<\/strong><\/p>\n\n\n\n<p><strong>Se est\u00e1n realizando trabajos de mantenimiento de emergencia en la red GLNL. Es posible que se apliquen restricciones de velocidad durante las semanas naturales 27 y 28. Se ruega a los usuarios de Alemania que se abstengan de utilizar la red en las horas punta durante este periodo. Si experimenta restricciones importantes, p\u00f3ngase en contacto con nosotros.<\/strong><\/p>\n\n\n\n<p>Este mantenimiento es necesario para mejorar todos los servicios de carga y descarga. Debido a los problemas de carga que afectan actualmente a esta red, hemos recibido varios informes.<\/p>\n\n\n\n<p>Nuestra red GLNL no est\u00e1 contratada directamente con Deutsche Telekom ni con ninguna otra red. Por ello, pueden producirse restricciones de velocidad. Las redes de otros pa\u00edses no se ven afectadas.<\/p>\n\n\n\n<h3 class=\"wp-block-heading\">Trabajos de mantenimiento previstos en la red GLNL.<\/h3>\n\n\n\n<p><strong>18 DE JUNIO DE 2020<\/strong><\/p>\n\n\n\n<p>Este jueves, 18.06.2020 hora local, estamos realizando un importante mantenimiento en nuestros servidores de almacenamiento en \u00c1msterdam, Pa\u00edses Bajos.<\/p>\n\n\n\n<p>Se sustituir\u00e1 y actualizar\u00e1 el hardware para mejorar el rendimiento. Se espera que haya una interrupci\u00f3n de hasta una hora. En caso de interrupci\u00f3n, se le notificar\u00e1 mediante un mensaje.<\/p>\n\n\n\n<p><strong>Adem\u00e1s, se espera que algunos servicios no est\u00e9n disponibles durante una o dos horas por la tarde.<\/strong><\/p>\n\n\n\n<h3 class=\"wp-block-heading\">Estado de COVID-19.<\/h3>\n\n\n\n<p><strong>20 DE MARZO DE 2020<\/strong><\/p>\n\n\n\n<p>Como se mencion\u00f3 en la secci\u00f3n de Soporte Externo, actualmente no es posible abrir o responder a solicitudes. El motivo es que se ha impuesto el estado de emergencia en Lituania. Todo el personal de apoyo es trabajador invitado en Lituania, lo que hace imposible una oficina en casa.<\/p>\n\n\n\n<p>Los empleados del departamento de apoyo fueron llamados a su pa\u00eds de origen y tuvieron que marcharse en el plazo de una semana, ya que s\u00f3lo estaban contratados temporalmente.<\/p>\n\n\n\n<p>Debido a la infraestructura de la oficina, el apoyo externo no es posible por el momento. En caso de emergencia, podemos ponernos en contacto con usted a trav\u00e9s de nuestro formulario de contacto interno Pie de imprenta.<\/p>\n\n\n\n<p>Gracias por su comprensi\u00f3n.<\/p>\n\n\n\n<h3 class=\"wp-block-heading\">CDN 102, 112 abandonos.<\/h3>\n\n\n\n<p><strong>15 DE MARZO DE 2020<\/strong><\/p>\n\n\n\n<p>Actualmente www102 y www112 est\u00e1n experimentando problemas de conectividad en nuestra red. Estamos trabajando en una soluci\u00f3n lo antes posible. Gracias por su comprensi\u00f3n.<\/p>\n\n\n\n<h3 class=\"wp-block-heading\">Problemas de conectividad\/velocidad<\/h3>\n\n\n\n<p><strong>08 DE MARZO DE 2020<\/strong><\/p>\n\n\n\n<p>Actualmente estamos experimentando problemas t\u00e9cnicos con nuestra nueva red. Dado que s\u00f3lo se ha entregado el 50% de nuestro nuevo hardware, ha pasado m\u00e1s de un mes hasta que llegue el resto del hardware. Actualmente hemos desbloqueado la antigua red, lo que est\u00e1 causando problemas a los usuarios alemanes. Esta es s\u00f3lo una soluci\u00f3n temporal hasta que llegue el nuevo hardware.<\/p>\n\n\n\n<p>Os mantendremos informados hasta que la nueva red con el hardware actualizado sea lanzada esta semana.<\/p>\n\n\n\n<p>Hemos recibido un gran n\u00famero de solicitudes de asistencia y hemos comprobado que m\u00e1s del 80% de las solicitudes no son necesarias. Dado que nuestro sistema de soporte est\u00e1 sobrecargado, hemos puesto el sistema en modo de mantenimiento hasta que se procesen todas las solicitudes.<\/p>\n\n\n\n<p><strong>Le agradecemos su fidelidad y le pedimos disculpas por las molestias.<\/strong><\/p>\n\n\n\n<h3 class=\"wp-block-heading\">Cambios en los proveedores de servicios<\/h3>\n\n\n\n<p><strong>22 DE ENERO DE 2020<\/strong><\/p>\n\n\n\n<p>Para respetar los deseos de nuestros clientes, hemos decidido cambiar nuestro proveedor de servicios en un futuro pr\u00f3ximo. Para realizar el cambio sin problemas, empezaremos a instalar los primeros servidores en las pr\u00f3ximas semanas para ofrecerte mejores tiempos de descarga.<\/p>\n\n\n\n<p><strong>\u00bfPor qu\u00e9 tardan tanto las descargas?<\/strong><br>No todos los usuarios est\u00e1n afectados. S\u00f3lo una cuarta parte de los usuarios Premium est\u00e1 experimentando problemas de velocidad de descarga. En algunos pa\u00edses y regiones, esto se debe a que la red de peering no est\u00e1 conectada a diferentes operadores. Un buen ejemplo es Deutsche Telekom, que cobra unas tarifas horrendas por su red de interconexi\u00f3n. A veces cobran hasta ocho veces m\u00e1s que otros proveedores. Nuestros proveedores simplemente no quieren pagar esos precios porque no son rentables.<\/p>\n\n\n\n<p>Por ello, hemos encontrado un nuevo proveedor y solucionaremos este problema en breve. Pedimos disculpas por las molestias causadas.<\/p>\n\n\n\n<h3 class=\"wp-block-heading\">CDN 59 ca\u00eddas y tiempos de carga lentos.<\/h3>\n\n\n\n<p><strong>20 DE ENERO DE 2020<\/strong><\/p>\n\n\n\n<p>El servidor cdn59 est\u00e1 experimentando actualmente ca\u00eddas y problemas t\u00e9cnicos que est\u00e1n ralentizando los tiempos de descarga y reduciendo la velocidad de descarga de 20 kb a 50 kb.<\/p>\n\n\n\n<p>Estamos trabajando para resolver el problema. Pedimos disculpas por las molestias causadas.<\/p>\n\n\n\n<h3 class=\"wp-block-heading\">Llamada a la colaboraci\u00f3n para probar el ancho de banda.<\/h3>\n\n\n\n<p><strong>14 DE ENERO DE 2020<\/strong><\/p>\n\n\n\n<p>Por favor, ay\u00fadanos a probar nuestro nuevo servidor. Por favor, ind\u00edquenos su velocidad de descarga, ubicaci\u00f3n y ancho de banda de la conexi\u00f3n de red en los comentarios.<\/p>\n\n\n\n<p><strong>\u00bfQuejas sobre las pruebas?<br><\/strong>La mayor\u00eda de las velocidades son satisfactorias, pero hay momentos (de 1 a 3 horas entre semana, m\u00e1s los fines de semana) en los que el rendimiento de nuestro proveedor de servicios de Internet baja considerablemente. Vigilaremos la situaci\u00f3n y, si el problema no se resuelve en un futuro pr\u00f3ximo, buscaremos otro proveedor.<\/p>\n\n\n\n<h3 class=\"wp-block-heading\">Puede no estar disponible temporalmente.<\/h3>\n\n\n\n<p><strong>15 DE DICIEMBRE DE 2019<\/strong><\/p>\n\n\n\n<p>El mantenimiento de la base de datos est\u00e1 programado para esta semana. En la semana 51, la web estar\u00e1 en modo de mantenimiento durante unas horas para evitar la p\u00e9rdida de datos. Le agradecemos su comprensi\u00f3n.<\/p>\n\n\n\n<p>En la semana 51, aumentaremos el rendimiento de la red disponible por rack para mejorar a\u00fan m\u00e1s la velocidad de descarga durante las horas punta, esta vez sin ning\u00fan tiempo de inactividad. \u00a1La velocidad est\u00e1 con usted!<\/p>\n\n\n\n<h3 class=\"wp-block-heading\">Paysafecard y Paypal<\/h3>\n\n\n\n<p><strong>20 DE NOVIEMBRE DE 2019<\/strong><\/p>\n\n\n\n<p>Hemos recibido varios correos electr\u00f3nicos relacionados con los m\u00e9todos de pago en varias ocasiones. Tambi\u00e9n hemos tenido en cuenta sus correos y los presentamos aqu\u00ed.<\/p>\n\n\n\n<p>Esta semana se ha introducido la tarjeta de cr\u00e9dito como m\u00e9todo de pago directo. Y pronto se introducir\u00e1n Paysafecard y Paypal. Todav\u00eda no puedo informarle sobre las tarifas, pero puedo asegurarle que no habr\u00e1 m\u00e1s revendedores de Paysafecard y Paypal. Sin embargo, los revendedores de Paysafecard y Paypal no desaparecer\u00e1n.<\/p>\n\n\n\n<p>Os mantendremos informados de las \u00faltimas novedades.<\/p>\n\n\n\n<h3 class=\"wp-block-heading\">Aviso de mantenimiento de DDL<\/h3>\n\n\n\n<p><strong>27 DE OCTUBRE DE 2019<\/strong><\/p>\n\n\n\n<p>Como algunos de vosotros habr\u00e9is notado, algunos servidores premium est\u00e1n a pleno rendimiento. Para permitir descargas sin problemas, vamos a actualizar estos servidores.<\/p>\n\n\n\n<p>Las siguientes actualizaciones est\u00e1n en proceso:<\/p>\n\n\n\n<ul class=\"wp-block-list\"><li>Los banners publicitarios estar\u00e1n disponibles pronto.<\/li><li>Estar\u00e1 disponible un dise\u00f1o de DDL completamente nuevo.<\/li><li>Se introducir\u00e1n nuevos servidores.<\/li><li>Se ampliar\u00e1 el sistema de pago por venta.<\/li><li>Se ampliar\u00e1n las opciones de pago.<\/li><\/ul>\n\n\n\n<p>Puede ponerse en contacto con nosotros por correo electr\u00f3nico en cualquier momento. Solemos responder en un plazo de 24 horas, m\u00e1ximo 48 horas. Le mantendremos al d\u00eda con la informaci\u00f3n m\u00e1s reciente.<\/p>\n\n\n<a class=\"maxbutton-1 maxbutton\" target=\"_blank\" rel=\"nofollow noopener\" href=\"\/go\/\"><span class='mb-text'>&gt;&gt; Ir a la p\u00e1gina web oficial de ddownload.com<\/span><\/a>\n\n\n<p><\/p>\n","protected":false},"excerpt":{"rendered":"<p>Preguntas frecuentes Actualizado el: 09.03.2022 \u00bfFUE UNA DDOWNLOAD DE IST? ddownload es un proveedor de alojamiento de archivos. Ofrecemos capacidad de almacenamiento en l\u00ednea\/respaldo remoto, herramientas avanzadas de carga y [&hellip;]<\/p>\n","protected":false},"author":7,"featured_media":0,"parent":0,"menu_order":0,"comment_status":"closed","ping_status":"closed","template":"template-fullwidth.php","meta":{"footnotes":""},"class_list":["post-305","page","type-page","status-publish","hentry"],"_links":{"self":[{"href":"https:\/\/ddownload.com.de\/es\/wp-json\/wp\/v2\/pages\/305","targetHints":{"allow":["GET"]}}],"collection":[{"href":"https:\/\/ddownload.com.de\/es\/wp-json\/wp\/v2\/pages"}],"about":[{"href":"https:\/\/ddownload.com.de\/es\/wp-json\/wp\/v2\/types\/page"}],"author":[{"embeddable":true,"href":"https:\/\/ddownload.com.de\/es\/wp-json\/wp\/v2\/users\/7"}],"replies":[{"embeddable":true,"href":"https:\/\/ddownload.com.de\/es\/wp-json\/wp\/v2\/comments?post=305"}],"version-history":[{"count":10,"href":"https:\/\/ddownload.com.de\/es\/wp-json\/wp\/v2\/pages\/305\/revisions"}],"predecessor-version":[{"id":665,"href":"https:\/\/ddownload.com.de\/es\/wp-json\/wp\/v2\/pages\/305\/revisions\/665"}],"wp:attachment":[{"href":"https:\/\/ddownload.com.de\/es\/wp-json\/wp\/v2\/media?parent=305"}],"curies":[{"name":"wp","href":"https:\/\/api.w.org\/{rel}","templated":true}]}}